{"id":943,"date":"2021-02-05T23:07:38","date_gmt":"2021-02-05T22:07:38","guid":{"rendered":"https:\/\/it-complex.pl\/?page_id=943"},"modified":"2021-02-05T23:07:38","modified_gmt":"2021-02-05T22:07:38","slug":"projekty","status":"publish","type":"page","link":"https:\/\/it-complex.pl\/?page_id=943","title":{"rendered":"Projekty"},"content":{"rendered":"","protected":false},"excerpt":{"rendered":"","protected":false},"author":1,"featured_media":0,"parent":0,"menu_order":0,"comment_status":"closed","ping_status":"closed","template":"","meta":{"_et_pb_use_builder":"","_et_pb_old_content":"","_et_gb_content_width":"","ngg_post_thumbnail":0,"footnotes":""},"class_list":["post-943","page","type-page","status-publish","hentry"],"yoast_head":"<!-- This site is optimized with the Yoast SEO plugin v26.6 - https:\/\/yoast.com\/wordpress\/plugins\/seo\/ -->\n<title>Projekty - it-complex.pl<\/title>\n<meta name=\"robots\" content=\"index, follow, max-snippet:-1, max-image-preview:large, max-video-preview:-1\" \/>\n<link rel=\"canonical\" href=\"https:\/\/it-complex.pl\/?page_id=943\" \/>\n<meta property=\"og:locale\" content=\"pl_PL\" \/>\n<meta property=\"og:type\" content=\"article\" \/>\n<meta property=\"og:title\" content=\"Projekty - it-complex.pl\" \/>\n<meta property=\"og:url\" content=\"https:\/\/it-complex.pl\/?page_id=943\" \/>\n<meta property=\"og:site_name\" content=\"it-complex.pl\" \/>\n<meta property=\"article:publisher\" content=\"https:\/\/www.facebook.com\/ITComplex.Kielce\" \/>\n<meta name=\"twitter:card\" content=\"summary_large_image\" \/>\n<script type=\"application\/ld+json\" class=\"yoast-schema-graph\">{\"@context\":\"https:\/\/schema.org\",\"@graph\":[{\"@type\":\"WebPage\",\"@id\":\"https:\/\/it-complex.pl\/?page_id=943\",\"url\":\"https:\/\/it-complex.pl\/?page_id=943\",\"name\":\"Projekty - it-complex.pl\",\"isPartOf\":{\"@id\":\"https:\/\/it-complex.pl\/#website\"},\"datePublished\":\"2021-02-05T22:07:38+00:00\",\"breadcrumb\":{\"@id\":\"https:\/\/it-complex.pl\/?page_id=943#breadcrumb\"},\"inLanguage\":\"pl-PL\",\"potentialAction\":[{\"@type\":\"ReadAction\",\"target\":[\"https:\/\/it-complex.pl\/?page_id=943\"]}]},{\"@type\":\"BreadcrumbList\",\"@id\":\"https:\/\/it-complex.pl\/?page_id=943#breadcrumb\",\"itemListElement\":[{\"@type\":\"ListItem\",\"position\":1,\"name\":\"Strona g\u0142\u00f3wna\",\"item\":\"https:\/\/it-complex.pl\/\"},{\"@type\":\"ListItem\",\"position\":2,\"name\":\"Projekty\"}]},{\"@type\":\"WebSite\",\"@id\":\"https:\/\/it-complex.pl\/#website\",\"url\":\"https:\/\/it-complex.pl\/\",\"name\":\"IT-Complex.pl\",\"description\":\"Aby komputer s\u0142u\u017cy\u0142 cz\u0142owiekowi\",\"publisher\":{\"@id\":\"https:\/\/it-complex.pl\/#organization\"},\"potentialAction\":[{\"@type\":\"SearchAction\",\"target\":{\"@type\":\"EntryPoint\",\"urlTemplate\":\"https:\/\/it-complex.pl\/?s={search_term_string}\"},\"query-input\":{\"@type\":\"PropertyValueSpecification\",\"valueRequired\":true,\"valueName\":\"search_term_string\"}}],\"inLanguage\":\"pl-PL\"},{\"@type\":\"Organization\",\"@id\":\"https:\/\/it-complex.pl\/#organization\",\"name\":\"IT-Complex.pl sp. z o.o.\",\"url\":\"https:\/\/it-complex.pl\/\",\"logo\":{\"@type\":\"ImageObject\",\"inLanguage\":\"pl-PL\",\"@id\":\"https:\/\/it-complex.pl\/#\/schema\/logo\/image\/\",\"url\":\"https:\/\/it-complex.pl\/wp-content\/uploads\/2020\/05\/it-complex-logo_kolor_niebieski-v2-1-kopia.png\",\"contentUrl\":\"https:\/\/it-complex.pl\/wp-content\/uploads\/2020\/05\/it-complex-logo_kolor_niebieski-v2-1-kopia.png\",\"width\":3061,\"height\":978,\"caption\":\"IT-Complex.pl sp. z o.o.\"},\"image\":{\"@id\":\"https:\/\/it-complex.pl\/#\/schema\/logo\/image\/\"},\"sameAs\":[\"https:\/\/www.facebook.com\/ITComplex.Kielce\"]}]}<\/script>\n<!-- \/ Yoast SEO plugin. -->","yoast_head_json":{"title":"Projekty - it-complex.pl","robots":{"index":"index","follow":"follow","max-snippet":"max-snippet:-1","max-image-preview":"max-image-preview:large","max-video-preview":"max-video-preview:-1"},"canonical":"https:\/\/it-complex.pl\/?page_id=943","og_locale":"pl_PL","og_type":"article","og_title":"Projekty - it-complex.pl","og_url":"https:\/\/it-complex.pl\/?page_id=943","og_site_name":"it-complex.pl","article_publisher":"https:\/\/www.facebook.com\/ITComplex.Kielce","twitter_card":"summary_large_image","schema":{"@context":"https:\/\/schema.org","@graph":[{"@type":"WebPage","@id":"https:\/\/it-complex.pl\/?page_id=943","url":"https:\/\/it-complex.pl\/?page_id=943","name":"Projekty - it-complex.pl","isPartOf":{"@id":"https:\/\/it-complex.pl\/#website"},"datePublished":"2021-02-05T22:07:38+00:00","breadcrumb":{"@id":"https:\/\/it-complex.pl\/?page_id=943#breadcrumb"},"inLanguage":"pl-PL","potentialAction":[{"@type":"ReadAction","target":["https:\/\/it-complex.pl\/?page_id=943"]}]},{"@type":"BreadcrumbList","@id":"https:\/\/it-complex.pl\/?page_id=943#breadcrumb","itemListElement":[{"@type":"ListItem","position":1,"name":"Strona g\u0142\u00f3wna","item":"https:\/\/it-complex.pl\/"},{"@type":"ListItem","position":2,"name":"Projekty"}]},{"@type":"WebSite","@id":"https:\/\/it-complex.pl\/#website","url":"https:\/\/it-complex.pl\/","name":"IT-Complex.pl","description":"Aby komputer s\u0142u\u017cy\u0142 cz\u0142owiekowi","publisher":{"@id":"https:\/\/it-complex.pl\/#organization"},"potentialAction":[{"@type":"SearchAction","target":{"@type":"EntryPoint","urlTemplate":"https:\/\/it-complex.pl\/?s={search_term_string}"},"query-input":{"@type":"PropertyValueSpecification","valueRequired":true,"valueName":"search_term_string"}}],"inLanguage":"pl-PL"},{"@type":"Organization","@id":"https:\/\/it-complex.pl\/#organization","name":"IT-Complex.pl sp. z o.o.","url":"https:\/\/it-complex.pl\/","logo":{"@type":"ImageObject","inLanguage":"pl-PL","@id":"https:\/\/it-complex.pl\/#\/schema\/logo\/image\/","url":"https:\/\/it-complex.pl\/wp-content\/uploads\/2020\/05\/it-complex-logo_kolor_niebieski-v2-1-kopia.png","contentUrl":"https:\/\/it-complex.pl\/wp-content\/uploads\/2020\/05\/it-complex-logo_kolor_niebieski-v2-1-kopia.png","width":3061,"height":978,"caption":"IT-Complex.pl sp. z o.o."},"image":{"@id":"https:\/\/it-complex.pl\/#\/schema\/logo\/image\/"},"sameAs":["https:\/\/www.facebook.com\/ITComplex.Kielce"]}]}},"_links":{"self":[{"href":"https:\/\/it-complex.pl\/index.php?rest_route=\/wp\/v2\/pages\/943","targetHints":{"allow":["GET"]}}],"collection":[{"href":"https:\/\/it-complex.pl\/index.php?rest_route=\/wp\/v2\/pages"}],"about":[{"href":"https:\/\/it-complex.pl\/index.php?rest_route=\/wp\/v2\/types\/page"}],"author":[{"embeddable":true,"href":"https:\/\/it-complex.pl\/index.php?rest_route=\/wp\/v2\/users\/1"}],"replies":[{"embeddable":true,"href":"https:\/\/it-complex.pl\/index.php?rest_route=%2Fwp%2Fv2%2Fcomments&post=943"}],"version-history":[{"count":1,"href":"https:\/\/it-complex.pl\/index.php?rest_route=\/wp\/v2\/pages\/943\/revisions"}],"predecessor-version":[{"id":944,"href":"https:\/\/it-complex.pl\/index.php?rest_route=\/wp\/v2\/pages\/943\/revisions\/944"}],"wp:attachment":[{"href":"https:\/\/it-complex.pl\/index.php?rest_route=%2Fwp%2Fv2%2Fmedia&parent=943"}],"curies":[{"name":"wp","href":"https:\/\/api.w.org\/{rel}","templated":true}]}}