{"id":756,"date":"2021-02-02T17:14:47","date_gmt":"2021-02-02T16:14:47","guid":{"rendered":"https:\/\/it-complex.pl\/?page_id=756"},"modified":"2021-02-07T21:28:06","modified_gmt":"2021-02-07T20:28:06","slug":"outsourcing","status":"publish","type":"page","link":"https:\/\/it-complex.pl\/?page_id=756","title":{"rendered":"Outsourcing"},"content":{"rendered":"<p>[et_pb_section fb_built=&#8221;1&#8243; fullwidth=&#8221;on&#8221; _builder_version=&#8221;4.8.1&#8243; _module_preset=&#8221;default&#8221; custom_margin=&#8221;-61px||||false|false&#8221; custom_margin_tablet=&#8221;-44px||||false|false&#8221; custom_margin_phone=&#8221;-41px||||false|false&#8221; custom_margin_last_edited=&#8221;on|desktop&#8221; bottom_divider_style=&#8221;arrow3&#8243; bottom_divider_color=&#8221;#FFFFFF&#8221;][et_pb_fullwidth_slider _builder_version=&#8221;4.8.2&#8243; _module_preset=&#8221;default&#8221; custom_padding=&#8221;100px|||||&#8221;][et_pb_slide heading=&#8221;OUTSOURCING&#8221; use_bg_overlay=&#8221;on&#8221; bg_overlay_color=&#8221;rgba(0,0,0,0.31)&#8221; _builder_version=&#8221;4.8.2&#8243; _module_preset=&#8221;default&#8221; header_font=&#8221;|600|||||||&#8221; background_enable_color=&#8221;off&#8221; background_image=&#8221;https:\/\/it-complex.pl\/wp-content\/uploads\/2021\/02\/outsourcing-IT-czy-sie-oplaca-netz.jpg&#8221; background_enable_image=&#8221;on&#8221; sticky_transition=&#8221;on&#8221;][\/et_pb_slide][\/et_pb_fullwidth_slider][\/et_pb_section][et_pb_section fb_built=&#8221;1&#8243; _builder_version=&#8221;4.8.2&#8243; _module_preset=&#8221;default&#8221; custom_padding=&#8221;0px||0px|||&#8221;][et_pb_row _builder_version=&#8221;4.8.2&#8243; _module_preset=&#8221;default&#8221; custom_padding=&#8221;0px||0px|||&#8221;][et_pb_column type=&#8221;4_4&#8243; _builder_version=&#8221;4.8.2&#8243; _module_preset=&#8221;default&#8221;][et_pb_divider show_divider=&#8221;off&#8221; _builder_version=&#8221;4.8.2&#8243; _module_preset=&#8221;default&#8221; custom_padding=&#8221;||0px|||&#8221;][\/et_pb_divider][\/et_pb_column][\/et_pb_row][\/et_pb_section][et_pb_section fb_built=&#8221;1&#8243; fullwidth=&#8221;on&#8221; prev_background_color=&#8221;#ffffff&#8221; _builder_version=&#8221;4.8.2&#8243; _module_preset=&#8221;default&#8221; background_image=&#8221;https:\/\/it-complex.pl\/wp-content\/uploads\/2021\/01\/background-992850.png&#8221; background_blend=&#8221;difference&#8221; top_divider_style=&#8221;arrow2&#8243; hover_enabled=&#8221;0&#8243; top_divider_flip=&#8221;vertical&#8221; sticky_enabled=&#8221;0&#8243;][et_pb_fullwidth_header title=&#8221;OUTSOURCING&#8221; _builder_version=&#8221;4.8.2&#8243; _module_preset=&#8221;default&#8221; title_font=&#8221;|600|||||||&#8221; title_text_align=&#8221;center&#8221; background_enable_color=&#8221;off&#8221; background_layout=&#8221;light&#8221; custom_padding=&#8221;61px||6px|||&#8221; hover_enabled=&#8221;0&#8243; title_font_size_last_edited=&#8221;on|phone&#8221; title_font_size_phone=&#8221;23px&#8221; sticky_enabled=&#8221;0&#8243;][\/et_pb_fullwidth_header][\/et_pb_section][et_pb_section fb_built=&#8221;1&#8243; _builder_version=&#8221;4.8.1&#8243; _module_preset=&#8221;default&#8221; background_image=&#8221;https:\/\/it-complex.pl\/wp-content\/uploads\/2021\/01\/background-992850.png&#8221; background_blend=&#8221;difference&#8221; custom_padding=&#8221;0px||40px|||&#8221;][et_pb_row _builder_version=&#8221;4.8.1&#8243; _module_preset=&#8221;default&#8221; custom_padding=&#8221;0px|||||&#8221;][et_pb_column type=&#8221;4_4&#8243; _builder_version=&#8221;4.8.1&#8243; _module_preset=&#8221;default&#8221;][et_pb_text _builder_version=&#8221;4.8.1&#8243; _module_preset=&#8221;default&#8221;]<\/p>\n<p><span>Nasza firma mo\u017ce Pa\u0144stwu zaoferowa\u0107 profesjonalne doradztwo w dziedzinie IT, zapewni\u0107 kompleksowe wsparcie techniczne, po\u0142\u0105czone z rozwi\u0105zywaniem wszelkich problem\u00f3w technicznych! Wsp\u00f3\u0142pracujemy z ma\u0142ymi jak i \u015brednimi przedsi\u0119biorstwami.<br \/> Sta\u0142e umowy na tzw. Outsourcing IT zapewniaj\u0105 wysok\u0105 jako\u015b\u0107 pracy oraz stabilno\u015b\u0107 dzia\u0142ania systemu komputerowego w danym miejscu.<\/span><\/p>\n<p><span><b>Korzy\u015bci z podpisania umowy serwisowej<\/b><br \/>Sta\u0142a opieka nad Pa\u0144stwa infrastruktur\u0105 informatyczn\u0105 zapewnia stabilne funkcjonowanie ca\u0142ego systemu, co pozwala skoncentrowa\u0107 si\u0119 na w\u0142a\u015bciwej dzia\u0142alno\u015bci Pa\u0144stwa firmy. Bezpiecze\u0144stwo danych, do ka\u017cdej firmy przypisany jest sta\u0142y opiekun, specjalista IT, kt\u00f3ry czuwa nad prawid\u0142owym funkcjonowaniem wszystkich komputer\u00f3w i to do niego otrzymuj\u0105 Pa\u0144stwo bezpo\u015bredni numer telefonu co znacznie usprawnia kontakt oraz przy\u015bpiesza reakcje serwisu.<\/span><\/p>\n<p>[\/et_pb_text][\/et_pb_column][\/et_pb_row][et_pb_row column_structure=&#8221;3_5,2_5&#8243; _builder_version=&#8221;4.8.1&#8243; _module_preset=&#8221;default&#8221;][et_pb_column type=&#8221;3_5&#8243; _builder_version=&#8221;4.8.1&#8243; _module_preset=&#8221;default&#8221;][et_pb_text _builder_version=&#8221;4.8.1&#8243; _module_preset=&#8221;default&#8221; text_font=&#8221;|600|||||||&#8221; text_font_size=&#8221;22px&#8221;]<\/p>\n<p>Us\u0142ugi outsourcingowe<\/p>\n<p>[\/et_pb_text][et_pb_text _builder_version=&#8221;4.8.1&#8243; _module_preset=&#8221;default&#8221;]<\/p>\n<ul>\n<li>pomoc przy wyborze najlepszych rozwi\u0105za\u0144 informatycznych<\/li>\n<li>przegl\u0105d sprz\u0119tu i oprogramowania<\/li>\n<li>modernizacja infrastruktury informatycznej przedsi\u0119biorstw<\/li>\n<li>doradztwo w zakresie zakupu nowego sprz\u0119tu i oprogramowania<\/li>\n<li>archiwizacja danych<\/li>\n<li>naprawy i modernizacje sprz\u0119tu komputerowego<\/li>\n<li>instalacja i konfiguracja sprz\u0119tu i oprogramowania<\/li>\n<li>usuwanie wirus\u00f3w komputerowych oraz zapobieganie infekcjom<\/li>\n<li>administracja wewn\u0119trznej sieci komputerowej<\/li>\n<li>administracja serwerem<\/li>\n<li>opieka nad stron\u0105 www<\/li>\n<\/ul>\n<p>[\/et_pb_text][\/et_pb_column][et_pb_column type=&#8221;2_5&#8243; _builder_version=&#8221;4.8.1&#8243; _module_preset=&#8221;default&#8221;][et_pb_image src=&#8221;https:\/\/it-complex.pl\/wp-content\/uploads\/2021\/01\/Serwis-outsourcing.jpg&#8221; title_text=&#8221;Serwis-outsourcing&#8221; _builder_version=&#8221;4.8.1&#8243; _module_preset=&#8221;default&#8221;][\/et_pb_image][\/et_pb_column][\/et_pb_row][et_pb_row _builder_version=&#8221;4.8.1&#8243; _module_preset=&#8221;default&#8221; custom_padding=&#8221;0px||56px|||&#8221;][et_pb_column type=&#8221;4_4&#8243; _builder_version=&#8221;4.8.1&#8243; _module_preset=&#8221;default&#8221;][et_pb_pricing_tables show_bullet=&#8221;off&#8221; _builder_version=&#8221;4.8.1&#8243; _module_preset=&#8221;default&#8221; transform_scale_tablet=&#8221;&#8221; transform_scale_phone=&#8221;&#8221; transform_scale_last_edited=&#8221;on|phone&#8221; transform_translate_tablet=&#8221;&#8221; transform_translate_phone=&#8221;&#8221; transform_translate_last_edited=&#8221;on|tablet&#8221; transform_rotate_tablet=&#8221;&#8221; transform_rotate_phone=&#8221;&#8221; transform_rotate_last_edited=&#8221;on|tablet&#8221; transform_skew_tablet=&#8221;&#8221; transform_skew_phone=&#8221;&#8221; transform_skew_last_edited=&#8221;on|tablet&#8221; transform_origin_tablet=&#8221;&#8221; transform_origin_phone=&#8221;&#8221; transform_origin_last_edited=&#8221;on|tablet&#8221; transform_styles_last_edited=&#8221;on|phone&#8221; body_font_size_tablet=&#8221;11px&#8221; body_font_size_phone=&#8221;12px&#8221; body_font_size_last_edited=&#8221;on|tablet&#8221; transform_styles_tablet=&#8221;&#8221; transform_styles_phone=&#8221;&#8221;][et_pb_pricing_table title=&#8221;Standard&#8221; subtitle=&#8221;do 5 komputer\u00f3w&#8221; currency=&#8221;z\u0142&#8221; sum=&#8221;500&#8243; _builder_version=&#8221;4.8.1&#8243; _module_preset=&#8221;default&#8221; body_line_height=&#8221;0.5em&#8221; box_shadow_style=&#8221;preset1&#8243; sticky_transition=&#8221;on&#8221;]<\/p>\n<p>Liczba komputer\u00f3w w firmie:\u00a0<strong>do 5<\/strong><br \/> <span>Ilo\u015b\u0107 wizyt serwisanta w m-c:\u00a0<\/span><b>1<\/b><span><\/span><br \/> <span>Czas przyjazdu serwisanta: <strong>DO<\/strong><\/span><b>\u00a04h<\/b><br \/> Pomoc zdalna:\u00a0<b>NIE<\/b><br \/> Sprz\u0119t zast\u0119pczy na czas naprawy:\u00a0<b>NIE<\/b><br \/> Godziny wizyt serwisowych:<br \/> <b>pn. &#8211; pt. w godz.10:00 &#8211; 16:00<\/b><br \/> Podstawowe szkolenie pracownik\u00f3w:\u00a0<b>TAK<\/b><br \/> Cena godziny poza pakietem:\u00a0<b>75 z\u0142<\/b><\/p>\n<p>[\/et_pb_pricing_table][et_pb_pricing_table featured=&#8221;on&#8221; title=&#8221;Gold&#8221; subtitle=&#8221;do 10 komputer\u00f3w&#8221; currency=&#8221;z\u0142&#8221; sum=&#8221;800&#8243; _builder_version=&#8221;4.8.1&#8243; _module_preset=&#8221;default&#8221; body_line_height=&#8221;0.5em&#8221; box_shadow_style=&#8221;preset1&#8243; sticky_transition=&#8221;on&#8221;]<\/p>\n<p>Liczba komputer\u00f3w w firmie:\u00a0<strong>do 10<\/strong><br \/> Ilo\u015b\u0107 wizyt serwisanta w m-c: <b>2<\/b><br \/> Czas przyjazdu serwisanta: <strong>DO<\/strong><b>\u00a03h<\/b><br \/> Pomoc zdalna: <b>TAK<\/b><br \/> Sprz\u0119t zast\u0119pczy na czas naprawy:\u00a0<b>NIE<\/b><br \/> Godziny wizyt serwisowych:<br \/> <b>pn. &#8211; pt. w godz. 9:00 &#8211; 17:00<\/b><br \/> Podstawowe szkolenie pracownik\u00f3w:\u00a0<b>TAK<\/b><br \/> Cena godziny poza pakietem: <strong>60\u00a0z\u0142<\/strong><\/p>\n<p>[\/et_pb_pricing_table][et_pb_pricing_table title=&#8221;Standard&#8221; subtitle=&#8221;do 20 komputer\u00f3w&#8221; currency=&#8221;z\u0142&#8221; sum=&#8221;1400&#8243; _builder_version=&#8221;4.8.1&#8243; _module_preset=&#8221;default&#8221; body_line_height=&#8221;0.5em&#8221; box_shadow_style=&#8221;preset1&#8243; sticky_transition=&#8221;on&#8221;]<\/p>\n<p>Liczba komputer\u00f3w w firmie:\u00a0<strong>do 15<\/strong><br \/> Ilo\u015b\u0107 wizyt serwisanta w m-c: <b>3<\/b><br \/> Czas przyjazdu serwisanta: <strong>DO<\/strong><b>\u00a02h<\/b><br \/> Pomoc zdalna: <b>TAK<\/b><br \/> Sprz\u0119t zast\u0119pczy na czas naprawy: <b>TAK<\/b><br \/> Godziny wizyt serwisowych:<br \/> <b>pn. &#8211; pt. w godz.8:00 &#8211; 18:00<\/b><br \/> Podstawowe szkolenie pracownik\u00f3w:\u00a0<b>TAK<\/b><br \/> Cena godziny poza pakietem: <strong>50\u00a0z\u0142<\/strong><\/p>\n<p>[\/et_pb_pricing_table][\/et_pb_pricing_tables][\/et_pb_column][\/et_pb_row][\/et_pb_section]<\/p>\n","protected":false},"excerpt":{"rendered":"<p>Nasza firma mo\u017ce Pa\u0144stwu zaoferowa\u0107 profesjonalne doradztwo w dziedzinie IT, zapewni\u0107 kompleksowe wsparcie techniczne, po\u0142\u0105czone z rozwi\u0105zywaniem wszelkich problem\u00f3w technicznych! Wsp\u00f3\u0142pracujemy z ma\u0142ymi jak i \u015brednimi przedsi\u0119biorstwami. Sta\u0142e umowy na tzw. Outsourcing IT zapewniaj\u0105 wysok\u0105 jako\u015b\u0107 pracy oraz stabilno\u015b\u0107 dzia\u0142ania systemu komputerowego w danym miejscu. Korzy\u015bci z podpisania umowy serwisowejSta\u0142a opieka nad Pa\u0144stwa infrastruktur\u0105 informatyczn\u0105 [&hellip;]<\/p>\n","protected":false},"author":1,"featured_media":0,"parent":0,"menu_order":0,"comment_status":"closed","ping_status":"closed","template":"","meta":{"_et_pb_use_builder":"on","_et_pb_old_content":"","_et_gb_content_width":"","ngg_post_thumbnail":0,"footnotes":""},"class_list":["post-756","page","type-page","status-publish","hentry"],"yoast_head":"<!-- This site is optimized with the Yoast SEO plugin v26.6 - https:\/\/yoast.com\/wordpress\/plugins\/seo\/ -->\n<title>Outsourcing - it-complex.pl<\/title>\n<meta name=\"robots\" content=\"index, follow, max-snippet:-1, max-image-preview:large, max-video-preview:-1\" \/>\n<link rel=\"canonical\" href=\"https:\/\/it-complex.pl\/?page_id=756\" \/>\n<meta property=\"og:locale\" content=\"pl_PL\" \/>\n<meta property=\"og:type\" content=\"article\" \/>\n<meta property=\"og:title\" content=\"Outsourcing - it-complex.pl\" \/>\n<meta property=\"og:description\" content=\"Nasza firma mo\u017ce Pa\u0144stwu zaoferowa\u0107 profesjonalne doradztwo w dziedzinie IT, zapewni\u0107 kompleksowe wsparcie techniczne, po\u0142\u0105czone z rozwi\u0105zywaniem wszelkich problem\u00f3w technicznych! Wsp\u00f3\u0142pracujemy z ma\u0142ymi jak i \u015brednimi przedsi\u0119biorstwami. Sta\u0142e umowy na tzw. Outsourcing IT zapewniaj\u0105 wysok\u0105 jako\u015b\u0107 pracy oraz stabilno\u015b\u0107 dzia\u0142ania systemu komputerowego w danym miejscu. Korzy\u015bci z podpisania umowy serwisowejSta\u0142a opieka nad Pa\u0144stwa infrastruktur\u0105 informatyczn\u0105 [&hellip;]\" \/>\n<meta property=\"og:url\" content=\"https:\/\/it-complex.pl\/?page_id=756\" \/>\n<meta property=\"og:site_name\" content=\"it-complex.pl\" \/>\n<meta property=\"article:publisher\" content=\"https:\/\/www.facebook.com\/ITComplex.Kielce\" \/>\n<meta property=\"article:modified_time\" content=\"2021-02-07T20:28:06+00:00\" \/>\n<meta name=\"twitter:card\" content=\"summary_large_image\" \/>\n<meta name=\"twitter:label1\" content=\"Szacowany czas czytania\" \/>\n\t<meta name=\"twitter:data1\" content=\"5 minut\" \/>\n<script type=\"application\/ld+json\" class=\"yoast-schema-graph\">{\"@context\":\"https:\/\/schema.org\",\"@graph\":[{\"@type\":\"WebPage\",\"@id\":\"https:\/\/it-complex.pl\/?page_id=756\",\"url\":\"https:\/\/it-complex.pl\/?page_id=756\",\"name\":\"Outsourcing - it-complex.pl\",\"isPartOf\":{\"@id\":\"https:\/\/it-complex.pl\/#website\"},\"datePublished\":\"2021-02-02T16:14:47+00:00\",\"dateModified\":\"2021-02-07T20:28:06+00:00\",\"breadcrumb\":{\"@id\":\"https:\/\/it-complex.pl\/?page_id=756#breadcrumb\"},\"inLanguage\":\"pl-PL\",\"potentialAction\":[{\"@type\":\"ReadAction\",\"target\":[\"https:\/\/it-complex.pl\/?page_id=756\"]}]},{\"@type\":\"BreadcrumbList\",\"@id\":\"https:\/\/it-complex.pl\/?page_id=756#breadcrumb\",\"itemListElement\":[{\"@type\":\"ListItem\",\"position\":1,\"name\":\"Strona g\u0142\u00f3wna\",\"item\":\"https:\/\/it-complex.pl\/\"},{\"@type\":\"ListItem\",\"position\":2,\"name\":\"Outsourcing\"}]},{\"@type\":\"WebSite\",\"@id\":\"https:\/\/it-complex.pl\/#website\",\"url\":\"https:\/\/it-complex.pl\/\",\"name\":\"IT-Complex.pl\",\"description\":\"Aby komputer s\u0142u\u017cy\u0142 cz\u0142owiekowi\",\"publisher\":{\"@id\":\"https:\/\/it-complex.pl\/#organization\"},\"potentialAction\":[{\"@type\":\"SearchAction\",\"target\":{\"@type\":\"EntryPoint\",\"urlTemplate\":\"https:\/\/it-complex.pl\/?s={search_term_string}\"},\"query-input\":{\"@type\":\"PropertyValueSpecification\",\"valueRequired\":true,\"valueName\":\"search_term_string\"}}],\"inLanguage\":\"pl-PL\"},{\"@type\":\"Organization\",\"@id\":\"https:\/\/it-complex.pl\/#organization\",\"name\":\"IT-Complex.pl sp. z o.o.\",\"url\":\"https:\/\/it-complex.pl\/\",\"logo\":{\"@type\":\"ImageObject\",\"inLanguage\":\"pl-PL\",\"@id\":\"https:\/\/it-complex.pl\/#\/schema\/logo\/image\/\",\"url\":\"https:\/\/it-complex.pl\/wp-content\/uploads\/2020\/05\/it-complex-logo_kolor_niebieski-v2-1-kopia.png\",\"contentUrl\":\"https:\/\/it-complex.pl\/wp-content\/uploads\/2020\/05\/it-complex-logo_kolor_niebieski-v2-1-kopia.png\",\"width\":3061,\"height\":978,\"caption\":\"IT-Complex.pl sp. z o.o.\"},\"image\":{\"@id\":\"https:\/\/it-complex.pl\/#\/schema\/logo\/image\/\"},\"sameAs\":[\"https:\/\/www.facebook.com\/ITComplex.Kielce\"]}]}<\/script>\n<!-- \/ Yoast SEO plugin. -->","yoast_head_json":{"title":"Outsourcing - it-complex.pl","robots":{"index":"index","follow":"follow","max-snippet":"max-snippet:-1","max-image-preview":"max-image-preview:large","max-video-preview":"max-video-preview:-1"},"canonical":"https:\/\/it-complex.pl\/?page_id=756","og_locale":"pl_PL","og_type":"article","og_title":"Outsourcing - it-complex.pl","og_description":"Nasza firma mo\u017ce Pa\u0144stwu zaoferowa\u0107 profesjonalne doradztwo w dziedzinie IT, zapewni\u0107 kompleksowe wsparcie techniczne, po\u0142\u0105czone z rozwi\u0105zywaniem wszelkich problem\u00f3w technicznych! Wsp\u00f3\u0142pracujemy z ma\u0142ymi jak i \u015brednimi przedsi\u0119biorstwami. Sta\u0142e umowy na tzw. Outsourcing IT zapewniaj\u0105 wysok\u0105 jako\u015b\u0107 pracy oraz stabilno\u015b\u0107 dzia\u0142ania systemu komputerowego w danym miejscu. Korzy\u015bci z podpisania umowy serwisowejSta\u0142a opieka nad Pa\u0144stwa infrastruktur\u0105 informatyczn\u0105 [&hellip;]","og_url":"https:\/\/it-complex.pl\/?page_id=756","og_site_name":"it-complex.pl","article_publisher":"https:\/\/www.facebook.com\/ITComplex.Kielce","article_modified_time":"2021-02-07T20:28:06+00:00","twitter_card":"summary_large_image","twitter_misc":{"Szacowany czas czytania":"5 minut"},"schema":{"@context":"https:\/\/schema.org","@graph":[{"@type":"WebPage","@id":"https:\/\/it-complex.pl\/?page_id=756","url":"https:\/\/it-complex.pl\/?page_id=756","name":"Outsourcing - it-complex.pl","isPartOf":{"@id":"https:\/\/it-complex.pl\/#website"},"datePublished":"2021-02-02T16:14:47+00:00","dateModified":"2021-02-07T20:28:06+00:00","breadcrumb":{"@id":"https:\/\/it-complex.pl\/?page_id=756#breadcrumb"},"inLanguage":"pl-PL","potentialAction":[{"@type":"ReadAction","target":["https:\/\/it-complex.pl\/?page_id=756"]}]},{"@type":"BreadcrumbList","@id":"https:\/\/it-complex.pl\/?page_id=756#breadcrumb","itemListElement":[{"@type":"ListItem","position":1,"name":"Strona g\u0142\u00f3wna","item":"https:\/\/it-complex.pl\/"},{"@type":"ListItem","position":2,"name":"Outsourcing"}]},{"@type":"WebSite","@id":"https:\/\/it-complex.pl\/#website","url":"https:\/\/it-complex.pl\/","name":"IT-Complex.pl","description":"Aby komputer s\u0142u\u017cy\u0142 cz\u0142owiekowi","publisher":{"@id":"https:\/\/it-complex.pl\/#organization"},"potentialAction":[{"@type":"SearchAction","target":{"@type":"EntryPoint","urlTemplate":"https:\/\/it-complex.pl\/?s={search_term_string}"},"query-input":{"@type":"PropertyValueSpecification","valueRequired":true,"valueName":"search_term_string"}}],"inLanguage":"pl-PL"},{"@type":"Organization","@id":"https:\/\/it-complex.pl\/#organization","name":"IT-Complex.pl sp. z o.o.","url":"https:\/\/it-complex.pl\/","logo":{"@type":"ImageObject","inLanguage":"pl-PL","@id":"https:\/\/it-complex.pl\/#\/schema\/logo\/image\/","url":"https:\/\/it-complex.pl\/wp-content\/uploads\/2020\/05\/it-complex-logo_kolor_niebieski-v2-1-kopia.png","contentUrl":"https:\/\/it-complex.pl\/wp-content\/uploads\/2020\/05\/it-complex-logo_kolor_niebieski-v2-1-kopia.png","width":3061,"height":978,"caption":"IT-Complex.pl sp. z o.o."},"image":{"@id":"https:\/\/it-complex.pl\/#\/schema\/logo\/image\/"},"sameAs":["https:\/\/www.facebook.com\/ITComplex.Kielce"]}]}},"_links":{"self":[{"href":"https:\/\/it-complex.pl\/index.php?rest_route=\/wp\/v2\/pages\/756","targetHints":{"allow":["GET"]}}],"collection":[{"href":"https:\/\/it-complex.pl\/index.php?rest_route=\/wp\/v2\/pages"}],"about":[{"href":"https:\/\/it-complex.pl\/index.php?rest_route=\/wp\/v2\/types\/page"}],"author":[{"embeddable":true,"href":"https:\/\/it-complex.pl\/index.php?rest_route=\/wp\/v2\/users\/1"}],"replies":[{"embeddable":true,"href":"https:\/\/it-complex.pl\/index.php?rest_route=%2Fwp%2Fv2%2Fcomments&post=756"}],"version-history":[{"count":6,"href":"https:\/\/it-complex.pl\/index.php?rest_route=\/wp\/v2\/pages\/756\/revisions"}],"predecessor-version":[{"id":1101,"href":"https:\/\/it-complex.pl\/index.php?rest_route=\/wp\/v2\/pages\/756\/revisions\/1101"}],"wp:attachment":[{"href":"https:\/\/it-complex.pl\/index.php?rest_route=%2Fwp%2Fv2%2Fmedia&parent=756"}],"curies":[{"name":"wp","href":"https:\/\/api.w.org\/{rel}","templated":true}]}}