{"id":333,"date":"2021-01-18T23:28:56","date_gmt":"2021-01-18T22:28:56","guid":{"rendered":"https:\/\/it-complex.pl\/?page_id=333"},"modified":"2024-11-13T09:52:06","modified_gmt":"2024-11-13T08:52:06","slug":"kontakt","status":"publish","type":"page","link":"https:\/\/it-complex.pl\/?page_id=333","title":{"rendered":"Kontakt"},"content":{"rendered":"<p>[et_pb_section fb_built=&#8221;1&#8243; fullwidth=&#8221;on&#8221; _builder_version=&#8221;4.16&#8243; _module_preset=&#8221;default&#8221; custom_margin=&#8221;-61px||||false|false&#8221; custom_margin_tablet=&#8221;-44px||||false|false&#8221; custom_margin_phone=&#8221;-41px||||false|false&#8221; custom_margin_last_edited=&#8221;on|desktop&#8221; bottom_divider_style=&#8221;arrow3&#8243; bottom_divider_color=&#8221;#FFFFFF&#8221; global_colors_info=&#8221;{}&#8221;][et_pb_fullwidth_slider _builder_version=&#8221;4.16&#8243; _module_preset=&#8221;default&#8221; custom_padding=&#8221;100px|||||&#8221; global_colors_info=&#8221;{}&#8221;][et_pb_slide heading=&#8221;KONTAKT&#8221; use_bg_overlay=&#8221;on&#8221; bg_overlay_color=&#8221;rgba(0,0,0,0.31)&#8221; _builder_version=&#8221;4.16&#8243; _module_preset=&#8221;default&#8221; header_font=&#8221;|600|||||||&#8221; background_enable_color=&#8221;off&#8221; background_image=&#8221;https:\/\/it-complex.pl\/wp-content\/uploads\/2021\/01\/Strony-kontakt.png&#8221; global_colors_info=&#8221;{}&#8221; sticky_transition=&#8221;on&#8221;][\/et_pb_slide][\/et_pb_fullwidth_slider][\/et_pb_section][et_pb_section fb_built=&#8221;1&#8243; fullwidth=&#8221;on&#8221; _builder_version=&#8221;4.16&#8243; _module_preset=&#8221;default&#8221; saved_tabs=&#8221;all&#8221; locked=&#8221;off&#8221; global_colors_info=&#8221;{}&#8221;][et_pb_fullwidth_header title=&#8221;KONTAKT Z NAMI&#8221; _builder_version=&#8221;4.16&#8243; _module_preset=&#8221;default&#8221; title_font=&#8221;|600|||||||&#8221; title_text_align=&#8221;center&#8221; background_enable_color=&#8221;off&#8221; background_layout=&#8221;light&#8221; custom_padding=&#8221;40px||0px||false|false&#8221; title_font_size_tablet=&#8221;&#8221; title_font_size_phone=&#8221;23px&#8221; title_font_size_last_edited=&#8221;on|phone&#8221; global_colors_info=&#8221;{}&#8221;][\/et_pb_fullwidth_header][\/et_pb_section][et_pb_section fb_built=&#8221;1&#8243; _builder_version=&#8221;4.16&#8243; _module_preset=&#8221;default&#8221; custom_padding=&#8221;0px||39px|||&#8221; global_colors_info=&#8221;{}&#8221;][et_pb_row column_structure=&#8221;3_5,2_5&#8243; use_custom_gutter=&#8221;on&#8221; gutter_width=&#8221;2&#8243; make_equal=&#8221;on&#8221; _builder_version=&#8221;4.25.1&#8243; _module_preset=&#8221;default&#8221; width=&#8221;95%&#8221; max_width=&#8221;1920px&#8221; custom_padding=&#8221;40px|||||&#8221; hover_enabled=&#8221;0&#8243; global_colors_info=&#8221;{}&#8221; sticky_enabled=&#8221;0&#8243;][et_pb_column type=&#8221;3_5&#8243; _builder_version=&#8221;4.25.1&#8243; _module_preset=&#8221;default&#8221; custom_padding=&#8221;10px|10px|10px|10px|true|true&#8221; hover_enabled=&#8221;0&#8243; border_color_all=&#8221;#0B6AD6&#8243; global_colors_info=&#8221;{}&#8221; sticky_enabled=&#8221;0&#8243;][\/et_pb_column][et_pb_column type=&#8221;2_5&#8243; _builder_version=&#8221;4.16&#8243; _module_preset=&#8221;default&#8221; background_enable_color=&#8221;off&#8221; background_image=&#8221;https:\/\/it-complex.pl\/wp-content\/uploads\/2021\/01\/background-992858_1280.png&#8221; border_radii=&#8221;on|10px|10px|10px|10px&#8221; box_shadow_style=&#8221;preset1&#8243; global_colors_info=&#8221;{}&#8221;][et_pb_text _builder_version=&#8221;4.16&#8243; _module_preset=&#8221;default&#8221; text_font=&#8221;|600|||||||&#8221; text_font_size=&#8221;17px&#8221; text_orientation=&#8221;center&#8221; background_layout=&#8221;dark&#8221; custom_margin=&#8221;15px|15px|6px|15px|false|true&#8221; custom_padding=&#8221;||0px|||&#8221; global_colors_info=&#8221;{}&#8221;]<\/p>\n<p><strong>IT-Complex.pl Sp. z o.o.<\/strong><\/p>\n<p style=\"padding-left: 30px;\">[\/et_pb_text][et_pb_blurb use_icon=&#8221;on&#8221; font_icon=&#8221;&#x77;||divi||400&#8243; icon_color=&#8221;#FFFFFF&#8221; image_icon_background_color=&#8221;RGBA(0,0,0,0)&#8221; image_icon_width=&#8221;40px&#8221; _builder_version=&#8221;4.16&#8243; _module_preset=&#8221;default&#8221; body_text_align=&#8221;center&#8221; body_font_size=&#8221;16px&#8221; image_icon_custom_padding=&#8221;25px|25px|25px|25px|false|false&#8221; text_orientation=&#8221;center&#8221; background_layout=&#8221;dark&#8221; custom_margin=&#8221;-16px|15px|1px|15px|false|true&#8221; custom_padding=&#8221;||0px|||&#8221; border_radii_image=&#8221;on|100%|100%|100%|100%&#8221; icon_font_size=&#8221;40px&#8221; use_circle=&#8221;on&#8221; circle_color=&#8221;RGBA(0,0,0,0)&#8221; global_colors_info=&#8221;{}&#8221; image_icon_background_color__sticky_enabled=&#8221;#7EBEC5&#8243; image_icon_background_color__sticky=&#8221;#7EBEC5&#8243;][\/et_pb_blurb][et_pb_text _builder_version=&#8221;4.16&#8243; _module_preset=&#8221;default&#8221; text_font=&#8221;|600|||||||&#8221; text_font_size=&#8221;16px&#8221; link_text_color=&#8221;#ffffff&#8221; text_orientation=&#8221;center&#8221; background_layout=&#8221;dark&#8221; custom_margin=&#8221;-45px|15px|15px|15px|false|true&#8221; custom_padding=&#8221;0px|||||&#8221; global_colors_info=&#8221;{}&#8221;]<\/p>\n<p>e-mail: <a href=\"mailto:bok@it-complex.pl\">bok@it-complex.pl<\/a><br \/> tel.: 505-505-920<\/p>\n<p>[\/et_pb_text][et_pb_blurb use_icon=&#8221;on&#8221; font_icon=&#8221;&#xe0ef;||divi||400&#8243; icon_color=&#8221;#FFFFFF&#8221; image_icon_background_color=&#8221;RGBA(0,0,0,0)&#8221; image_icon_width=&#8221;40px&#8221; _builder_version=&#8221;4.16&#8243; _module_preset=&#8221;default&#8221; body_text_align=&#8221;center&#8221; body_font_size=&#8221;16px&#8221; image_icon_custom_padding=&#8221;25px|25px|25px|25px|false|false&#8221; text_orientation=&#8221;center&#8221; background_layout=&#8221;dark&#8221; custom_margin=&#8221;-16px|15px|1px|15px|false|true&#8221; custom_padding=&#8221;||0px|||&#8221; border_radii_image=&#8221;on|100%|100%|100%|100%&#8221; icon_font_size=&#8221;40px&#8221; use_circle=&#8221;on&#8221; circle_color=&#8221;RGBA(0,0,0,0)&#8221; global_colors_info=&#8221;{}&#8221; image_icon_background_color__sticky_enabled=&#8221;#7EBEC5&#8243; image_icon_background_color__sticky=&#8221;#7EBEC5&#8243;][\/et_pb_blurb][et_pb_text _builder_version=&#8221;4.16&#8243; _module_preset=&#8221;default&#8221; text_font=&#8221;|600|||||||&#8221; text_font_size=&#8221;16px&#8221; link_text_color=&#8221;#ffffff&#8221; text_orientation=&#8221;center&#8221; background_layout=&#8221;dark&#8221; custom_margin=&#8221;-45px|15px|15px|15px|false|true&#8221; custom_padding=&#8221;0px|||||&#8221; global_colors_info=&#8221;{}&#8221;]<\/p>\n<p>NIP: 959-195-90-05<br \/>KRS:0000535343<\/p>\n<p>[\/et_pb_text][et_pb_text _builder_version=&#8221;4.16&#8243; _module_preset=&#8221;default&#8221; transform_scale_tablet=&#8221;&#8221; transform_scale_phone=&#8221;&#8221; transform_scale_last_edited=&#8221;on|phone&#8221; transform_translate_tablet=&#8221;&#8221; transform_translate_phone=&#8221;&#8221; transform_translate_last_edited=&#8221;on|phone&#8221; transform_rotate_tablet=&#8221;&#8221; transform_rotate_phone=&#8221;&#8221; transform_rotate_last_edited=&#8221;on|phone&#8221; transform_skew_tablet=&#8221;&#8221; transform_skew_phone=&#8221;&#8221; transform_skew_last_edited=&#8221;on|phone&#8221; transform_origin_tablet=&#8221;&#8221; transform_origin_phone=&#8221;&#8221; transform_origin_last_edited=&#8221;on|phone&#8221; transform_styles_last_edited=&#8221;on|phone&#8221; text_orientation=&#8221;center&#8221; custom_padding=&#8221;0px|||||&#8221; transform_styles_tablet=&#8221;&#8221; transform_styles_phone=&#8221;&#8221; global_colors_info=&#8221;{}&#8221;]<iframe loading=\"lazy\" src=\"https:\/\/www.facebook.com\/plugins\/page.php?href=https%3A%2F%2Fwww.facebook.com%2FITComplex.Kielce&#038;tabs&#038;width=360&#038;height=150&#038;small_header=false&#038;adapt_container_width=true&#038;hide_cover=false&#038;show_facepile=true&#038;appId\" width=\"360\" height=\"150\" style=\"border:none;overflow:hidden\" scrolling=\"no\" frameborder=\"0\" allowfullscreen=\"true\" allow=\"autoplay; clipboard-write; encrypted-media; picture-in-picture; web-share\"><\/iframe>[\/et_pb_text][\/et_pb_column][\/et_pb_row][\/et_pb_section]<\/p>\n","protected":false},"excerpt":{"rendered":"<p>IT-Complex.pl Sp. z o.o. e-mail: bok@it-complex.pl tel.: 505-505-920NIP: 959-195-90-05KRS:0000535343<\/p>\n","protected":false},"author":1,"featured_media":0,"parent":0,"menu_order":0,"comment_status":"closed","ping_status":"closed","template":"","meta":{"_et_pb_use_builder":"on","_et_pb_old_content":"","_et_gb_content_width":"","ngg_post_thumbnail":0,"footnotes":""},"class_list":["post-333","page","type-page","status-publish","hentry"],"yoast_head":"<!-- This site is optimized with the Yoast SEO plugin v26.6 - https:\/\/yoast.com\/wordpress\/plugins\/seo\/ -->\n<title>Kontakt - it-complex.pl<\/title>\n<meta name=\"robots\" content=\"index, follow, max-snippet:-1, max-image-preview:large, max-video-preview:-1\" \/>\n<link rel=\"canonical\" href=\"https:\/\/it-complex.pl\/?page_id=333\" \/>\n<meta property=\"og:locale\" content=\"pl_PL\" \/>\n<meta property=\"og:type\" content=\"article\" \/>\n<meta property=\"og:title\" content=\"Kontakt - it-complex.pl\" \/>\n<meta property=\"og:description\" content=\"IT-Complex.pl Sp. z o.o. e-mail: bok@it-complex.pl tel.: 505-505-920NIP: 959-195-90-05KRS:0000535343\" \/>\n<meta property=\"og:url\" content=\"https:\/\/it-complex.pl\/?page_id=333\" \/>\n<meta property=\"og:site_name\" content=\"it-complex.pl\" \/>\n<meta property=\"article:publisher\" content=\"https:\/\/www.facebook.com\/ITComplex.Kielce\" \/>\n<meta property=\"article:modified_time\" content=\"2024-11-13T08:52:06+00:00\" \/>\n<meta name=\"twitter:card\" content=\"summary_large_image\" \/>\n<meta name=\"twitter:label1\" content=\"Szacowany czas czytania\" \/>\n\t<meta name=\"twitter:data1\" content=\"4 minuty\" \/>\n<script type=\"application\/ld+json\" class=\"yoast-schema-graph\">{\"@context\":\"https:\/\/schema.org\",\"@graph\":[{\"@type\":\"WebPage\",\"@id\":\"https:\/\/it-complex.pl\/?page_id=333\",\"url\":\"https:\/\/it-complex.pl\/?page_id=333\",\"name\":\"Kontakt - it-complex.pl\",\"isPartOf\":{\"@id\":\"https:\/\/it-complex.pl\/#website\"},\"datePublished\":\"2021-01-18T22:28:56+00:00\",\"dateModified\":\"2024-11-13T08:52:06+00:00\",\"breadcrumb\":{\"@id\":\"https:\/\/it-complex.pl\/?page_id=333#breadcrumb\"},\"inLanguage\":\"pl-PL\",\"potentialAction\":[{\"@type\":\"ReadAction\",\"target\":[\"https:\/\/it-complex.pl\/?page_id=333\"]}]},{\"@type\":\"BreadcrumbList\",\"@id\":\"https:\/\/it-complex.pl\/?page_id=333#breadcrumb\",\"itemListElement\":[{\"@type\":\"ListItem\",\"position\":1,\"name\":\"Strona g\u0142\u00f3wna\",\"item\":\"https:\/\/it-complex.pl\/\"},{\"@type\":\"ListItem\",\"position\":2,\"name\":\"Kontakt\"}]},{\"@type\":\"WebSite\",\"@id\":\"https:\/\/it-complex.pl\/#website\",\"url\":\"https:\/\/it-complex.pl\/\",\"name\":\"IT-Complex.pl\",\"description\":\"Aby komputer s\u0142u\u017cy\u0142 cz\u0142owiekowi\",\"publisher\":{\"@id\":\"https:\/\/it-complex.pl\/#organization\"},\"potentialAction\":[{\"@type\":\"SearchAction\",\"target\":{\"@type\":\"EntryPoint\",\"urlTemplate\":\"https:\/\/it-complex.pl\/?s={search_term_string}\"},\"query-input\":{\"@type\":\"PropertyValueSpecification\",\"valueRequired\":true,\"valueName\":\"search_term_string\"}}],\"inLanguage\":\"pl-PL\"},{\"@type\":\"Organization\",\"@id\":\"https:\/\/it-complex.pl\/#organization\",\"name\":\"IT-Complex.pl sp. z o.o.\",\"url\":\"https:\/\/it-complex.pl\/\",\"logo\":{\"@type\":\"ImageObject\",\"inLanguage\":\"pl-PL\",\"@id\":\"https:\/\/it-complex.pl\/#\/schema\/logo\/image\/\",\"url\":\"https:\/\/it-complex.pl\/wp-content\/uploads\/2020\/05\/it-complex-logo_kolor_niebieski-v2-1-kopia.png\",\"contentUrl\":\"https:\/\/it-complex.pl\/wp-content\/uploads\/2020\/05\/it-complex-logo_kolor_niebieski-v2-1-kopia.png\",\"width\":3061,\"height\":978,\"caption\":\"IT-Complex.pl sp. z o.o.\"},\"image\":{\"@id\":\"https:\/\/it-complex.pl\/#\/schema\/logo\/image\/\"},\"sameAs\":[\"https:\/\/www.facebook.com\/ITComplex.Kielce\"]}]}<\/script>\n<!-- \/ Yoast SEO plugin. -->","yoast_head_json":{"title":"Kontakt - it-complex.pl","robots":{"index":"index","follow":"follow","max-snippet":"max-snippet:-1","max-image-preview":"max-image-preview:large","max-video-preview":"max-video-preview:-1"},"canonical":"https:\/\/it-complex.pl\/?page_id=333","og_locale":"pl_PL","og_type":"article","og_title":"Kontakt - it-complex.pl","og_description":"IT-Complex.pl Sp. z o.o. e-mail: bok@it-complex.pl tel.: 505-505-920NIP: 959-195-90-05KRS:0000535343","og_url":"https:\/\/it-complex.pl\/?page_id=333","og_site_name":"it-complex.pl","article_publisher":"https:\/\/www.facebook.com\/ITComplex.Kielce","article_modified_time":"2024-11-13T08:52:06+00:00","twitter_card":"summary_large_image","twitter_misc":{"Szacowany czas czytania":"4 minuty"},"schema":{"@context":"https:\/\/schema.org","@graph":[{"@type":"WebPage","@id":"https:\/\/it-complex.pl\/?page_id=333","url":"https:\/\/it-complex.pl\/?page_id=333","name":"Kontakt - it-complex.pl","isPartOf":{"@id":"https:\/\/it-complex.pl\/#website"},"datePublished":"2021-01-18T22:28:56+00:00","dateModified":"2024-11-13T08:52:06+00:00","breadcrumb":{"@id":"https:\/\/it-complex.pl\/?page_id=333#breadcrumb"},"inLanguage":"pl-PL","potentialAction":[{"@type":"ReadAction","target":["https:\/\/it-complex.pl\/?page_id=333"]}]},{"@type":"BreadcrumbList","@id":"https:\/\/it-complex.pl\/?page_id=333#breadcrumb","itemListElement":[{"@type":"ListItem","position":1,"name":"Strona g\u0142\u00f3wna","item":"https:\/\/it-complex.pl\/"},{"@type":"ListItem","position":2,"name":"Kontakt"}]},{"@type":"WebSite","@id":"https:\/\/it-complex.pl\/#website","url":"https:\/\/it-complex.pl\/","name":"IT-Complex.pl","description":"Aby komputer s\u0142u\u017cy\u0142 cz\u0142owiekowi","publisher":{"@id":"https:\/\/it-complex.pl\/#organization"},"potentialAction":[{"@type":"SearchAction","target":{"@type":"EntryPoint","urlTemplate":"https:\/\/it-complex.pl\/?s={search_term_string}"},"query-input":{"@type":"PropertyValueSpecification","valueRequired":true,"valueName":"search_term_string"}}],"inLanguage":"pl-PL"},{"@type":"Organization","@id":"https:\/\/it-complex.pl\/#organization","name":"IT-Complex.pl sp. z o.o.","url":"https:\/\/it-complex.pl\/","logo":{"@type":"ImageObject","inLanguage":"pl-PL","@id":"https:\/\/it-complex.pl\/#\/schema\/logo\/image\/","url":"https:\/\/it-complex.pl\/wp-content\/uploads\/2020\/05\/it-complex-logo_kolor_niebieski-v2-1-kopia.png","contentUrl":"https:\/\/it-complex.pl\/wp-content\/uploads\/2020\/05\/it-complex-logo_kolor_niebieski-v2-1-kopia.png","width":3061,"height":978,"caption":"IT-Complex.pl sp. z o.o."},"image":{"@id":"https:\/\/it-complex.pl\/#\/schema\/logo\/image\/"},"sameAs":["https:\/\/www.facebook.com\/ITComplex.Kielce"]}]}},"_links":{"self":[{"href":"https:\/\/it-complex.pl\/index.php?rest_route=\/wp\/v2\/pages\/333","targetHints":{"allow":["GET"]}}],"collection":[{"href":"https:\/\/it-complex.pl\/index.php?rest_route=\/wp\/v2\/pages"}],"about":[{"href":"https:\/\/it-complex.pl\/index.php?rest_route=\/wp\/v2\/types\/page"}],"author":[{"embeddable":true,"href":"https:\/\/it-complex.pl\/index.php?rest_route=\/wp\/v2\/users\/1"}],"replies":[{"embeddable":true,"href":"https:\/\/it-complex.pl\/index.php?rest_route=%2Fwp%2Fv2%2Fcomments&post=333"}],"version-history":[{"count":19,"href":"https:\/\/it-complex.pl\/index.php?rest_route=\/wp\/v2\/pages\/333\/revisions"}],"predecessor-version":[{"id":257944,"href":"https:\/\/it-complex.pl\/index.php?rest_route=\/wp\/v2\/pages\/333\/revisions\/257944"}],"wp:attachment":[{"href":"https:\/\/it-complex.pl\/index.php?rest_route=%2Fwp%2Fv2%2Fmedia&parent=333"}],"curies":[{"name":"wp","href":"https:\/\/api.w.org\/{rel}","templated":true}]}}