{"id":246,"date":"2021-01-18T12:39:29","date_gmt":"2021-01-18T11:39:29","guid":{"rendered":"https:\/\/it-complex.pl\/?page_id=246"},"modified":"2021-02-07T21:25:04","modified_gmt":"2021-02-07T20:25:04","slug":"monitoring-cctv","status":"publish","type":"page","link":"https:\/\/it-complex.pl\/?page_id=246","title":{"rendered":"Monitoring CCTV"},"content":{"rendered":"<p>[et_pb_section fb_built=&#8221;1&#8243; fullwidth=&#8221;on&#8221; _builder_version=&#8221;4.8.1&#8243; _module_preset=&#8221;default&#8221; custom_margin=&#8221;-61px||||false|false&#8221; custom_margin_tablet=&#8221;-44px||||false|false&#8221; custom_margin_phone=&#8221;-41px||||false|false&#8221; custom_margin_last_edited=&#8221;on|desktop&#8221; bottom_divider_style=&#8221;arrow3&#8243; bottom_divider_color=&#8221;#FFFFFF&#8221;][et_pb_fullwidth_slider _builder_version=&#8221;4.8.1&#8243; _module_preset=&#8221;default&#8221; custom_padding=&#8221;100px|||||&#8221;][et_pb_slide heading=&#8221;MONITORING CCTV&#8221; use_bg_overlay=&#8221;on&#8221; bg_overlay_color=&#8221;rgba(0,0,0,0.31)&#8221; _builder_version=&#8221;4.8.2&#8243; _module_preset=&#8221;default&#8221; header_font=&#8221;|600|||||||&#8221; background_enable_color=&#8221;off&#8221; background_image=&#8221;https:\/\/it-complex.pl\/wp-content\/uploads\/2021\/02\/cctv-slider.jpg&#8221; background_enable_image=&#8221;on&#8221; background_position=&#8221;top_center&#8221; sticky_transition=&#8221;on&#8221;][\/et_pb_slide][\/et_pb_fullwidth_slider][\/et_pb_section][et_pb_section fb_built=&#8221;1&#8243; fullwidth=&#8221;on&#8221; _builder_version=&#8221;4.8.1&#8243; _module_preset=&#8221;default&#8221;][et_pb_fullwidth_header title=&#8221;CZYM JEST SYSTEM CCTV&#8221; _builder_version=&#8221;4.8.2&#8243; _module_preset=&#8221;default&#8221; title_font=&#8221;|600|||||||&#8221; title_text_align=&#8221;center&#8221; background_enable_color=&#8221;off&#8221; background_layout=&#8221;light&#8221; custom_padding=&#8221;40px||0px|||&#8221; hover_enabled=&#8221;0&#8243; sticky_enabled=&#8221;0&#8243; title_font_size_last_edited=&#8221;on|phone&#8221; title_font_size_phone=&#8221;23px&#8221;][\/et_pb_fullwidth_header][\/et_pb_section][et_pb_section fb_built=&#8221;1&#8243; _builder_version=&#8221;4.8.1&#8243; _module_preset=&#8221;default&#8221; background_enable_image=&#8221;off&#8221; background_blend=&#8221;difference&#8221; custom_padding=&#8221;2px||9px|||&#8221; top_divider_style=&#8221;slant&#8221; top_divider_color=&#8221;#FFFFFF&#8221; top_divider_height=&#8221;99px&#8221;][et_pb_row column_structure=&#8221;3_5,2_5&#8243; _builder_version=&#8221;4.8.1&#8243; _module_preset=&#8221;default&#8221; custom_padding=&#8221;0px|||||&#8221;][et_pb_column type=&#8221;3_5&#8243; _builder_version=&#8221;4.8.1&#8243; _module_preset=&#8221;default&#8221;][et_pb_text _builder_version=&#8221;4.8.2&#8243; _module_preset=&#8221;default&#8221; text_font=&#8221;|600|||||||&#8221; text_font_size=&#8221;22px&#8221;]<\/p>\n<p>Definicja<\/p>\n<p>[\/et_pb_text][et_pb_text _builder_version=&#8221;4.8.2&#8243; _module_preset=&#8221;default&#8221; hover_enabled=&#8221;0&#8243; sticky_enabled=&#8221;0&#8243;]<\/p>\n<p><b>Telewizja przemys\u0142owa<\/b><span>,\u00a0<\/span><b>monitoring wizyjny<\/b><span>,\u00a0<\/span><b>wideonadz\u00f3r<\/b><span>,\u00a0<\/span><b>telewizyjny system dozorowy<\/b><span>\u00a0(CCTV \u2013\u00a0<\/span>ang<a href=\"https:\/\/pl.wikipedia.org\/wiki\/J%C4%99zyk_angielski\" title=\"J\u0119zyk angielski\">.<\/a><span>\u00a0<\/span><em lang=\"en\">closed circuit television<\/em><span>) \u2013 to system pozwalaj\u0105cy na \u015bledzenie z odleg\u0142o\u015bci zdarze\u0144 rejestrowanych przez jedn\u0105 do nawet kilkuset\u00a0<\/span>kamer przemys\u0142owych<span>\u00a0jednocze\u015bnie. W sk\u0142ad systemu wchodz\u0105 g\u0142\u00f3wnie rejestratory i kamery, z kt\u00f3rych obraz jest transmitowany do centrum odbiorczego, gdzie personel na monitorach mo\u017ce obserwowa\u0107 rejestrowane zdarzenia.<\/span><\/p>\n<p>&nbsp;<\/p>\n<p>[\/et_pb_text][\/et_pb_column][et_pb_column type=&#8221;2_5&#8243; _builder_version=&#8221;4.8.1&#8243; _module_preset=&#8221;default&#8221;][et_pb_image src=&#8221;https:\/\/it-complex.pl\/wp-content\/uploads\/2021\/02\/cctv-2846083_640.jpg&#8221; title_text=&#8221;cctv-2846083_640&#8243; _builder_version=&#8221;4.8.2&#8243; _module_preset=&#8221;default&#8221;][\/et_pb_image][\/et_pb_column][\/et_pb_row][et_pb_row column_structure=&#8221;2_5,3_5&#8243; make_equal=&#8221;on&#8221; _builder_version=&#8221;4.8.2&#8243; _module_preset=&#8221;default&#8221; custom_margin=&#8221;12px|auto||auto||&#8221; custom_padding=&#8221;4px|||||&#8221;][et_pb_column type=&#8221;2_5&#8243; _builder_version=&#8221;4.8.2&#8243; _module_preset=&#8221;default&#8221; background_image=&#8221;https:\/\/it-complex.pl\/wp-content\/uploads\/2021\/02\/cctv-lampa.jpg&#8221;][\/et_pb_column][et_pb_column type=&#8221;3_5&#8243; _builder_version=&#8221;4.8.1&#8243; _module_preset=&#8221;default&#8221;][et_pb_text _builder_version=&#8221;4.8.2&#8243; _module_preset=&#8221;default&#8221; text_font=&#8221;|600|||||||&#8221; text_font_size=&#8221;22px&#8221;]<\/p>\n<p>Zastosowania monitoringu<\/p>\n<p>[\/et_pb_text][et_pb_text _builder_version=&#8221;4.8.2&#8243; _module_preset=&#8221;default&#8221;]<\/p>\n<ul>\n<li><strong>Monitoring wizyjny jako narz\u0119dzie prewencji kryminalnej i spos\u00f3b na \u00a0zapobieganie przest\u0119pstwom:<br \/> <\/strong>Obecno\u015b\u0107 kamer powoduje, i\u017c potencjalni sprawcy w\u00a0obawie przed zidentyfikowaniem i schwytaniem nie decyduj\u0105 si\u0119 na pope\u0142nienie potencjalnego przest\u0119pstwa.<br \/> Nagranie z monitoringu cz\u0119sto s\u0142u\u017cy uj\u0119ciu przest\u0119pcy lub wyja\u015bnieniu okoliczno\u015bci danego zdarzenia, dlatego te\u017c rozpowszechnione jest jego u\u017cycie w wielu rozprawach karnych i cywilnych.<\/li>\n<li><strong>Wsp\u00f3\u0142praca z innymi systemami bezpiecze\u0144stwa:<br \/> <\/strong>System CCTV mo\u017ce stanowi\u0107 element systemu SMS ( security managment system- system zarz\u0105dzania obiektu), kt\u00f3ry integruje wszystkie systemy bezpiecze\u0144stwa danego obiektu. W ten spos\u00f3b system CCTV pomaga\u00a0s\u0142u\u017cbom\u00a0ochrony i personelu technicznego odpowiednio szybko zareagowa\u0107 \u00a0w sytuacjach kryzysowych takich jak: po\u017car, awaria czy te\u017c w\u0142amanie.<\/li>\n<li><strong>Monitorowanie ruchu miejskiego autostradowego<\/strong>.<br \/> Wiele miast i sieci autostrad ma rozbudowane systemy monitorowania ruchu, wykorzystuj\u0105ce telewizj\u0119 przemys\u0142ow\u0105 do przekazywania informacji o wypadkach i incydentach drogowych oraz\u00a0wykrywania kork\u00f3w.<br \/> Ponadto, kamery te s\u0142u\u017c\u0105 r\u00f3wnie\u017c do monitorowania warunk\u00f3w atmosferycznych na drodze.<\/li>\n<li><strong>Zwi\u0119kszenie bezpiecze\u0144stwa w transporcie publicznym:<br \/> <\/strong>System CCTV w \u015brodkach transportu publicznego, informuje odpowiednie s\u0142u\u017cby o zaistnieniu ewentualnego przewinienia lub przest\u0119pstwa. Co sprawia, i\u017c \u00a0policja jest w stanie szybciej dotrze\u0107 na miejsce zdarzenia. Co wi\u0119cej, incydent jest rejestrowany przez kamer\u0119, a nagranie u\u0142atwia zidentyfikowanie sprawcy.<\/li>\n<\/ul>\n<p>[\/et_pb_text][\/et_pb_column][\/et_pb_row][\/et_pb_section][et_pb_section fb_built=&#8221;1&#8243; prev_background_color=&#8221;#ffffff&#8221; next_background_color=&#8221;#ffffff&#8221; _builder_version=&#8221;4.8.2&#8243; _module_preset=&#8221;default&#8221; background_image=&#8221;https:\/\/it-complex.pl\/wp-content\/uploads\/2021\/02\/surveillance-4518402_1920.jpg&#8221; parallax=&#8221;on&#8221; parallax_method=&#8221;off&#8221; custom_padding=&#8221;80px||80px||true|false&#8221; top_divider_style=&#8221;mountains2&#8243; bottom_divider_style=&#8221;mountains2&#8243;][et_pb_row column_structure=&#8221;1_2,1_2&#8243; _builder_version=&#8221;4.8.1&#8243; _module_preset=&#8221;default&#8221;][et_pb_column type=&#8221;1_2&#8243; _builder_version=&#8221;4.8.1&#8243; _module_preset=&#8221;default&#8221;][\/et_pb_column][et_pb_column type=&#8221;1_2&#8243; _builder_version=&#8221;4.8.1&#8243; _module_preset=&#8221;default&#8221;][et_pb_text _builder_version=&#8221;4.8.2&#8243; _module_preset=&#8221;default&#8221; text_font=&#8221;|600|||||||&#8221; text_text_color=&#8221;#ffffff&#8221; text_font_size=&#8221;28px&#8221; text_line_height=&#8221;1.8em&#8221; background_color=&#8221;rgba(0,0,0,0.5)&#8221; background_enable_image=&#8221;off&#8221; text_orientation=&#8221;center&#8221; custom_padding=&#8221;40px||40px||true|false&#8221; animation_style=&#8221;slide&#8221; animation_direction=&#8221;right&#8221; border_radii=&#8221;on|5px|5px|5px|5px&#8221; border_width_all=&#8221;2px&#8221; border_color_all=&#8221;#ffffff&#8221; box_shadow_style=&#8221;preset1&#8243;]<\/p>\n<p><strong>&#8222;Zadbaj o Swoje bezpiecze\u0144stwo&#8221;<\/strong><\/p>\n<p>[\/et_pb_text][\/et_pb_column][\/et_pb_row][\/et_pb_section][et_pb_section fb_built=&#8221;1&#8243; _builder_version=&#8221;4.8.2&#8243; _module_preset=&#8221;default&#8221; background_image=&#8221;https:\/\/it-complex.pl\/wp-content\/uploads\/2021\/01\/color-2174049_1280.png&#8221; background_blend=&#8221;hard-light&#8221; custom_padding=&#8221;0px|||||&#8221;][et_pb_row _builder_version=&#8221;4.8.1&#8243; _module_preset=&#8221;default&#8221;][et_pb_column type=&#8221;4_4&#8243; _builder_version=&#8221;4.8.1&#8243; _module_preset=&#8221;default&#8221;][et_pb_text _builder_version=&#8221;4.8.2&#8243; _module_preset=&#8221;default&#8221; text_font=&#8221;|600||on|||||&#8221; text_text_color=&#8221;#242424&#8243; text_font_size=&#8221;29px&#8221; text_orientation=&#8221;center&#8221; hover_enabled=&#8221;0&#8243; text_font_size_last_edited=&#8221;on|phone&#8221; text_font_size_phone=&#8221;23px&#8221; sticky_enabled=&#8221;0&#8243;]<\/p>\n<p>Technologie monitoringu wizyjnego<\/p>\n<p>[\/et_pb_text][et_pb_text _builder_version=&#8221;4.8.2&#8243; _module_preset=&#8221;default&#8221;]<\/p>\n<p><span>Poruszaj\u0105c temat monitoringu wysokiej rozdzielczo\u015bci, napotykamy na swojej drodze kilka technologii, w tym dwie, na kt\u00f3re szczeg\u00f3lnie trzeba zwr\u00f3ci\u0107 uwag\u0119 \u2013 IP oraz AHD.\u00a0Oba systemy maj\u0105 wsp\u00f3ln\u0105 cech\u0119: nazywane s\u0105 monitoringiem wysokiej rozdzielczo\u015bci. Poza tym r\u00f3\u017cni je prawie wszystko.<br \/> <\/span><\/p>\n<p>[\/et_pb_text][\/et_pb_column][\/et_pb_row][et_pb_row _builder_version=&#8221;4.8.2&#8243; _module_preset=&#8221;default&#8221; custom_padding=&#8221;||24px|||&#8221;][et_pb_column type=&#8221;4_4&#8243; _builder_version=&#8221;4.8.2&#8243; _module_preset=&#8221;default&#8221;][et_pb_text _builder_version=&#8221;4.8.2&#8243; _module_preset=&#8221;default&#8221; text_font=&#8221;|600|||||||&#8221; text_font_size=&#8221;22px&#8221;]<\/p>\n<p>Monitoring AHD<\/p>\n<p>[\/et_pb_text][et_pb_text _builder_version=&#8221;4.8.2&#8243; _module_preset=&#8221;default&#8221;]<\/p>\n<p>Technologia AHD\u00a0<span>jest bezpo\u015bredni\u0105 ewolucj\u0105 technologii analogowej. G\u0142\u00f3wna zasada dzia\u0142ania jest identyczna, kamera wysy\u0142a obraz przewodem BNC (obecnie cz\u0119\u015bciej 2 \u017cy\u0142ami przewodu UTP) do rejestratora, kt\u00f3ry sygna\u0142 przetwarza, rejestruje oraz wy\u015bwietla. G\u0142\u00f3wn\u0105 zmiana jest jednak rodzaj sygna\u0142u, w jakim kodowany jest obraz.<\/span><br \/><span>Kamery wyposa\u017cone zosta\u0142y w przetworniki cyfrowe, dzi\u0119ki czemu wysy\u0142aj\u0105 sygna\u0142 cyfrowy, pozbawiony ogranicze\u0144 jako\u015bciowych zwi\u0105zanych z charakterystyk\u0105 sygna\u0142u ci\u0105g\u0142ego. Rejestrator za\u015b nie przeprowadza konwersji sygna\u0142u analogowego na cyfrowy, a jedynie przetwarza odebrany sygna\u0142, umo\u017cliwiaj\u0105c jego zapis czy wy\u015bwietlenie.<\/span><br \/><span>Du\u017c\u0105 zalet\u0105 urz\u0105dze\u0144 dzia\u0142aj\u0105cych w tej technologii jest kompatybilno\u015b\u0107 z technologi\u0105 analogow\u0105. Kamery oraz rejestratory AHD s\u0105 w stanie w razie potrzeby pracowa\u0107 w trybie analogowym.<\/span><\/p>\n<p><span><\/span><\/p>\n<p>[\/et_pb_text][\/et_pb_column][\/et_pb_row][et_pb_row column_structure=&#8221;2_5,3_5&#8243; make_equal=&#8221;on&#8221; _builder_version=&#8221;4.8.1&#8243; _module_preset=&#8221;default&#8221; custom_padding=&#8221;23px|||||&#8221;][et_pb_column type=&#8221;2_5&#8243; _builder_version=&#8221;4.8.1&#8243; _module_preset=&#8221;default&#8221;][et_pb_image src=&#8221;https:\/\/it-complex.pl\/wp-content\/uploads\/2021\/02\/schemat-ahd2.jpg&#8221; title_text=&#8221;schemat-ahd2&#8243; show_in_lightbox=&#8221;on&#8221; use_overlay=&#8221;on&#8221; _builder_version=&#8221;4.8.2&#8243; _module_preset=&#8221;default&#8221;][\/et_pb_image][\/et_pb_column][et_pb_column type=&#8221;3_5&#8243; _builder_version=&#8221;4.8.1&#8243; _module_preset=&#8221;default&#8221;][et_pb_text _builder_version=&#8221;4.8.2&#8243; _module_preset=&#8221;default&#8221;]<\/p>\n<p><strong>Elementy systemu<\/strong><\/p>\n<ul>\n<li>kamery ahd w ilo\u015bci niezb\u0119dnej do ochrony obiektu<\/li>\n<li>okablowanie &#8211; koncentryk lub skr\u0119tka komputerowa<\/li>\n<li>z\u0142\u0105cza w zale\u017cno\u015bci od zastosowanego przewodu<\/li>\n<li>uk\u0142ad zasilania<\/li>\n<li>rejestrator wraz z dyskiem hdd przystosowany do pracy ci\u0105g\u0142ej<\/li>\n<li>monitor\u00a0 podgl\u0105dowy<\/li>\n<li>szafa rack do umieszczenia rejestratora i zasilania<\/li>\n<li>zasilacz awaryjny ups<\/li>\n<\/ul>\n<p>[\/et_pb_text][\/et_pb_column][\/et_pb_row][et_pb_row _builder_version=&#8221;4.8.2&#8243; _module_preset=&#8221;default&#8221;][et_pb_column type=&#8221;4_4&#8243; _builder_version=&#8221;4.8.2&#8243; _module_preset=&#8221;default&#8221;][et_pb_text _builder_version=&#8221;4.8.2&#8243; _module_preset=&#8221;default&#8221; text_font=&#8221;|600|||||||&#8221; text_font_size=&#8221;22px&#8221;]<\/p>\n<p>Monitoring IP<\/p>\n<p>[\/et_pb_text][et_pb_text _builder_version=&#8221;4.8.2&#8243; _module_preset=&#8221;default&#8221;]<\/p>\n<p>Monitoring IP<span>\u00a0<\/span><span>to system pod\u0142\u0105czonych kamer za pomoc\u0105 przewodu typu skr\u0119tka do switcha, kt\u00f3ry to nast\u0119pnie pod\u0142\u0105czany jest to rejestratora DVR. Nazwa tego systemu to tak\u017ce akronim s\u0142\u00f3w pochodz\u0105cych z j\u0119zyka angielskiego Internet Protocol. Systemy tego typu pozwalaj\u0105 na uzyskanie wysokiej rozdzielczo\u015bci obrazu, nawet na du\u017cych odleg\u0142o\u015bciach. Systemy IP dodatkowo umo\u017cliwiaj\u0105 na pod\u0142\u0105czenie do nich kamer, realizuj\u0105cych rejestracje i przesy\u0142 obrazu za pomoc\u0105 sieci WiFi.<\/span><\/p>\n<p>[\/et_pb_text][\/et_pb_column][\/et_pb_row][et_pb_row column_structure=&#8221;1_2,1_2&#8243; _builder_version=&#8221;4.8.1&#8243; _module_preset=&#8221;default&#8221; custom_margin=&#8221;|auto|40px|auto||&#8221; custom_padding=&#8221;21px|||||&#8221;][et_pb_column type=&#8221;1_2&#8243; _builder_version=&#8221;4.8.1&#8243; _module_preset=&#8221;default&#8221;][et_pb_text _builder_version=&#8221;4.8.2&#8243; _module_preset=&#8221;default&#8221;]<\/p>\n<p><strong>Elementy systemu<\/strong><\/p>\n<ul>\n<li>kamera IP, kt\u00f3ra jest kompatybilna z danym modelem rejestratora.\u00a0<\/li>\n<li>przew\u00f3d typu skr\u0119tka<\/li>\n<li>switch, posiadaj\u0105cy dedykowane gniazdo zasilaj\u0105ce PoE, kt\u00f3re pozwala zasili\u0107 kamery.<\/li>\n<li>rejestrator NVR wraz z dyskiem, kt\u00f3ry w zale\u017cno\u015bci od potrzeb mo\u017ce wyst\u0119powa\u0107 w wersjach 4, 8,16, a nawet 32 kamerowych.<\/li>\n<li>monitor\u00a0 podgl\u0105dowy<\/li>\n<li>szafa rack do umieszczenia rejestratora i zasilania<\/li>\n<li>zasilacz awaryjny ups<\/li>\n<\/ul>\n<p>[\/et_pb_text][\/et_pb_column][et_pb_column type=&#8221;1_2&#8243; _builder_version=&#8221;4.8.1&#8243; _module_preset=&#8221;default&#8221;][et_pb_image src=&#8221;https:\/\/it-complex.pl\/wp-content\/uploads\/2021\/02\/schemat-ip.png&#8221; title_text=&#8221;schemat-ip&#8221; show_in_lightbox=&#8221;on&#8221; use_overlay=&#8221;on&#8221; _builder_version=&#8221;4.8.2&#8243; _module_preset=&#8221;default&#8221; custom_margin=&#8221;7px|||||&#8221;][\/et_pb_image][\/et_pb_column][\/et_pb_row][\/et_pb_section]<\/p>\n","protected":false},"excerpt":{"rendered":"<p>DefinicjaTelewizja przemys\u0142owa,\u00a0monitoring wizyjny,\u00a0wideonadz\u00f3r,\u00a0telewizyjny system dozorowy\u00a0(CCTV \u2013\u00a0ang.\u00a0closed circuit television) \u2013 to system pozwalaj\u0105cy na \u015bledzenie z odleg\u0142o\u015bci zdarze\u0144 rejestrowanych przez jedn\u0105 do nawet kilkuset\u00a0kamer przemys\u0142owych\u00a0jednocze\u015bnie. W sk\u0142ad systemu wchodz\u0105 g\u0142\u00f3wnie rejestratory i kamery, z kt\u00f3rych obraz jest transmitowany do centrum odbiorczego, gdzie personel na monitorach mo\u017ce obserwowa\u0107 rejestrowane zdarzenia. &nbsp;Zastosowania monitoringu Monitoring wizyjny jako narz\u0119dzie prewencji [&hellip;]<\/p>\n","protected":false},"author":1,"featured_media":0,"parent":0,"menu_order":0,"comment_status":"closed","ping_status":"closed","template":"","meta":{"_et_pb_use_builder":"on","_et_pb_old_content":"<!-- wp:divi\/placeholder \/-->","_et_gb_content_width":"","ngg_post_thumbnail":0,"footnotes":""},"class_list":["post-246","page","type-page","status-publish","hentry"],"yoast_head":"<!-- This site is optimized with the Yoast SEO plugin v26.6 - https:\/\/yoast.com\/wordpress\/plugins\/seo\/ -->\n<title>Monitoring CCTV - it-complex.pl<\/title>\n<meta name=\"robots\" content=\"index, follow, max-snippet:-1, max-image-preview:large, max-video-preview:-1\" \/>\n<link rel=\"canonical\" href=\"https:\/\/it-complex.pl\/?page_id=246\" \/>\n<meta property=\"og:locale\" content=\"pl_PL\" \/>\n<meta property=\"og:type\" content=\"article\" \/>\n<meta property=\"og:title\" content=\"Monitoring CCTV - it-complex.pl\" \/>\n<meta property=\"og:description\" content=\"DefinicjaTelewizja przemys\u0142owa,\u00a0monitoring wizyjny,\u00a0wideonadz\u00f3r,\u00a0telewizyjny system dozorowy\u00a0(CCTV \u2013\u00a0ang.\u00a0closed circuit television) \u2013 to system pozwalaj\u0105cy na \u015bledzenie z odleg\u0142o\u015bci zdarze\u0144 rejestrowanych przez jedn\u0105 do nawet kilkuset\u00a0kamer przemys\u0142owych\u00a0jednocze\u015bnie. W sk\u0142ad systemu wchodz\u0105 g\u0142\u00f3wnie rejestratory i kamery, z kt\u00f3rych obraz jest transmitowany do centrum odbiorczego, gdzie personel na monitorach mo\u017ce obserwowa\u0107 rejestrowane zdarzenia. &nbsp;Zastosowania monitoringu Monitoring wizyjny jako narz\u0119dzie prewencji [&hellip;]\" \/>\n<meta property=\"og:url\" content=\"https:\/\/it-complex.pl\/?page_id=246\" \/>\n<meta property=\"og:site_name\" content=\"it-complex.pl\" \/>\n<meta property=\"article:publisher\" content=\"https:\/\/www.facebook.com\/ITComplex.Kielce\" \/>\n<meta property=\"article:modified_time\" content=\"2021-02-07T20:25:04+00:00\" \/>\n<meta name=\"twitter:card\" content=\"summary_large_image\" \/>\n<meta name=\"twitter:label1\" content=\"Szacowany czas czytania\" \/>\n\t<meta name=\"twitter:data1\" content=\"8 minut\" \/>\n<script type=\"application\/ld+json\" class=\"yoast-schema-graph\">{\"@context\":\"https:\/\/schema.org\",\"@graph\":[{\"@type\":\"WebPage\",\"@id\":\"https:\/\/it-complex.pl\/?page_id=246\",\"url\":\"https:\/\/it-complex.pl\/?page_id=246\",\"name\":\"Monitoring CCTV - it-complex.pl\",\"isPartOf\":{\"@id\":\"https:\/\/it-complex.pl\/#website\"},\"datePublished\":\"2021-01-18T11:39:29+00:00\",\"dateModified\":\"2021-02-07T20:25:04+00:00\",\"breadcrumb\":{\"@id\":\"https:\/\/it-complex.pl\/?page_id=246#breadcrumb\"},\"inLanguage\":\"pl-PL\",\"potentialAction\":[{\"@type\":\"ReadAction\",\"target\":[\"https:\/\/it-complex.pl\/?page_id=246\"]}]},{\"@type\":\"BreadcrumbList\",\"@id\":\"https:\/\/it-complex.pl\/?page_id=246#breadcrumb\",\"itemListElement\":[{\"@type\":\"ListItem\",\"position\":1,\"name\":\"Strona g\u0142\u00f3wna\",\"item\":\"https:\/\/it-complex.pl\/\"},{\"@type\":\"ListItem\",\"position\":2,\"name\":\"Monitoring CCTV\"}]},{\"@type\":\"WebSite\",\"@id\":\"https:\/\/it-complex.pl\/#website\",\"url\":\"https:\/\/it-complex.pl\/\",\"name\":\"IT-Complex.pl\",\"description\":\"Aby komputer s\u0142u\u017cy\u0142 cz\u0142owiekowi\",\"publisher\":{\"@id\":\"https:\/\/it-complex.pl\/#organization\"},\"potentialAction\":[{\"@type\":\"SearchAction\",\"target\":{\"@type\":\"EntryPoint\",\"urlTemplate\":\"https:\/\/it-complex.pl\/?s={search_term_string}\"},\"query-input\":{\"@type\":\"PropertyValueSpecification\",\"valueRequired\":true,\"valueName\":\"search_term_string\"}}],\"inLanguage\":\"pl-PL\"},{\"@type\":\"Organization\",\"@id\":\"https:\/\/it-complex.pl\/#organization\",\"name\":\"IT-Complex.pl sp. z o.o.\",\"url\":\"https:\/\/it-complex.pl\/\",\"logo\":{\"@type\":\"ImageObject\",\"inLanguage\":\"pl-PL\",\"@id\":\"https:\/\/it-complex.pl\/#\/schema\/logo\/image\/\",\"url\":\"https:\/\/it-complex.pl\/wp-content\/uploads\/2020\/05\/it-complex-logo_kolor_niebieski-v2-1-kopia.png\",\"contentUrl\":\"https:\/\/it-complex.pl\/wp-content\/uploads\/2020\/05\/it-complex-logo_kolor_niebieski-v2-1-kopia.png\",\"width\":3061,\"height\":978,\"caption\":\"IT-Complex.pl sp. z o.o.\"},\"image\":{\"@id\":\"https:\/\/it-complex.pl\/#\/schema\/logo\/image\/\"},\"sameAs\":[\"https:\/\/www.facebook.com\/ITComplex.Kielce\"]}]}<\/script>\n<!-- \/ Yoast SEO plugin. -->","yoast_head_json":{"title":"Monitoring CCTV - it-complex.pl","robots":{"index":"index","follow":"follow","max-snippet":"max-snippet:-1","max-image-preview":"max-image-preview:large","max-video-preview":"max-video-preview:-1"},"canonical":"https:\/\/it-complex.pl\/?page_id=246","og_locale":"pl_PL","og_type":"article","og_title":"Monitoring CCTV - it-complex.pl","og_description":"DefinicjaTelewizja przemys\u0142owa,\u00a0monitoring wizyjny,\u00a0wideonadz\u00f3r,\u00a0telewizyjny system dozorowy\u00a0(CCTV \u2013\u00a0ang.\u00a0closed circuit television) \u2013 to system pozwalaj\u0105cy na \u015bledzenie z odleg\u0142o\u015bci zdarze\u0144 rejestrowanych przez jedn\u0105 do nawet kilkuset\u00a0kamer przemys\u0142owych\u00a0jednocze\u015bnie. W sk\u0142ad systemu wchodz\u0105 g\u0142\u00f3wnie rejestratory i kamery, z kt\u00f3rych obraz jest transmitowany do centrum odbiorczego, gdzie personel na monitorach mo\u017ce obserwowa\u0107 rejestrowane zdarzenia. &nbsp;Zastosowania monitoringu Monitoring wizyjny jako narz\u0119dzie prewencji [&hellip;]","og_url":"https:\/\/it-complex.pl\/?page_id=246","og_site_name":"it-complex.pl","article_publisher":"https:\/\/www.facebook.com\/ITComplex.Kielce","article_modified_time":"2021-02-07T20:25:04+00:00","twitter_card":"summary_large_image","twitter_misc":{"Szacowany czas czytania":"8 minut"},"schema":{"@context":"https:\/\/schema.org","@graph":[{"@type":"WebPage","@id":"https:\/\/it-complex.pl\/?page_id=246","url":"https:\/\/it-complex.pl\/?page_id=246","name":"Monitoring CCTV - it-complex.pl","isPartOf":{"@id":"https:\/\/it-complex.pl\/#website"},"datePublished":"2021-01-18T11:39:29+00:00","dateModified":"2021-02-07T20:25:04+00:00","breadcrumb":{"@id":"https:\/\/it-complex.pl\/?page_id=246#breadcrumb"},"inLanguage":"pl-PL","potentialAction":[{"@type":"ReadAction","target":["https:\/\/it-complex.pl\/?page_id=246"]}]},{"@type":"BreadcrumbList","@id":"https:\/\/it-complex.pl\/?page_id=246#breadcrumb","itemListElement":[{"@type":"ListItem","position":1,"name":"Strona g\u0142\u00f3wna","item":"https:\/\/it-complex.pl\/"},{"@type":"ListItem","position":2,"name":"Monitoring CCTV"}]},{"@type":"WebSite","@id":"https:\/\/it-complex.pl\/#website","url":"https:\/\/it-complex.pl\/","name":"IT-Complex.pl","description":"Aby komputer s\u0142u\u017cy\u0142 cz\u0142owiekowi","publisher":{"@id":"https:\/\/it-complex.pl\/#organization"},"potentialAction":[{"@type":"SearchAction","target":{"@type":"EntryPoint","urlTemplate":"https:\/\/it-complex.pl\/?s={search_term_string}"},"query-input":{"@type":"PropertyValueSpecification","valueRequired":true,"valueName":"search_term_string"}}],"inLanguage":"pl-PL"},{"@type":"Organization","@id":"https:\/\/it-complex.pl\/#organization","name":"IT-Complex.pl sp. z o.o.","url":"https:\/\/it-complex.pl\/","logo":{"@type":"ImageObject","inLanguage":"pl-PL","@id":"https:\/\/it-complex.pl\/#\/schema\/logo\/image\/","url":"https:\/\/it-complex.pl\/wp-content\/uploads\/2020\/05\/it-complex-logo_kolor_niebieski-v2-1-kopia.png","contentUrl":"https:\/\/it-complex.pl\/wp-content\/uploads\/2020\/05\/it-complex-logo_kolor_niebieski-v2-1-kopia.png","width":3061,"height":978,"caption":"IT-Complex.pl sp. z o.o."},"image":{"@id":"https:\/\/it-complex.pl\/#\/schema\/logo\/image\/"},"sameAs":["https:\/\/www.facebook.com\/ITComplex.Kielce"]}]}},"_links":{"self":[{"href":"https:\/\/it-complex.pl\/index.php?rest_route=\/wp\/v2\/pages\/246","targetHints":{"allow":["GET"]}}],"collection":[{"href":"https:\/\/it-complex.pl\/index.php?rest_route=\/wp\/v2\/pages"}],"about":[{"href":"https:\/\/it-complex.pl\/index.php?rest_route=\/wp\/v2\/types\/page"}],"author":[{"embeddable":true,"href":"https:\/\/it-complex.pl\/index.php?rest_route=\/wp\/v2\/users\/1"}],"replies":[{"embeddable":true,"href":"https:\/\/it-complex.pl\/index.php?rest_route=%2Fwp%2Fv2%2Fcomments&post=246"}],"version-history":[{"count":11,"href":"https:\/\/it-complex.pl\/index.php?rest_route=\/wp\/v2\/pages\/246\/revisions"}],"predecessor-version":[{"id":1099,"href":"https:\/\/it-complex.pl\/index.php?rest_route=\/wp\/v2\/pages\/246\/revisions\/1099"}],"wp:attachment":[{"href":"https:\/\/it-complex.pl\/index.php?rest_route=%2Fwp%2Fv2%2Fmedia&parent=246"}],"curies":[{"name":"wp","href":"https:\/\/api.w.org\/{rel}","templated":true}]}}