{"id":242,"date":"2021-01-18T12:37:35","date_gmt":"2021-01-18T11:37:35","guid":{"rendered":"https:\/\/it-complex.pl\/?page_id=242"},"modified":"2021-03-04T20:29:11","modified_gmt":"2021-03-04T19:29:11","slug":"serwis","status":"publish","type":"page","link":"https:\/\/it-complex.pl\/?page_id=242","title":{"rendered":"Serwis"},"content":{"rendered":"<p>[et_pb_section fb_built=&#8221;1&#8243; fullwidth=&#8221;on&#8221; _builder_version=&#8221;4.8.1&#8243; _module_preset=&#8221;default&#8221; custom_margin=&#8221;-61px||||false|false&#8221; custom_margin_tablet=&#8221;-44px||||false|false&#8221; custom_margin_phone=&#8221;-41px||||false|false&#8221; custom_margin_last_edited=&#8221;on|desktop&#8221; bottom_divider_style=&#8221;arrow3&#8243; bottom_divider_color=&#8221;#FFFFFF&#8221;][et_pb_fullwidth_slider _builder_version=&#8221;4.8.1&#8243; _module_preset=&#8221;default&#8221; custom_padding=&#8221;100px|||||&#8221;][et_pb_slide heading=&#8221;SERWIS KOMPUTEROWY&#8221; use_bg_overlay=&#8221;on&#8221; bg_overlay_color=&#8221;rgba(0,0,0,0.31)&#8221; _builder_version=&#8221;4.8.1&#8243; _module_preset=&#8221;default&#8221; header_font=&#8221;|600|||||||&#8221; background_enable_color=&#8221;off&#8221; background_image=&#8221;https:\/\/it-complex.pl\/wp-content\/uploads\/2020\/11\/it-services-04.jpg&#8221; background_position=&#8221;bottom_center&#8221; sticky_transition=&#8221;on&#8221;][\/et_pb_slide][\/et_pb_fullwidth_slider][\/et_pb_section][et_pb_section fb_built=&#8221;1&#8243; fullwidth=&#8221;on&#8221; _builder_version=&#8221;4.8.1&#8243; _module_preset=&#8221;default&#8221;][et_pb_fullwidth_header title=&#8221;KOMPLEKSOWE US\u0141UGI INFORMATYCZNE&#8221; _builder_version=&#8221;4.8.2&#8243; _module_preset=&#8221;default&#8221; title_font=&#8221;|600|||||||&#8221; title_text_align=&#8221;center&#8221; background_enable_color=&#8221;off&#8221; background_layout=&#8221;light&#8221; custom_padding=&#8221;40px||0px|||&#8221; title_font_size_tablet=&#8221;&#8221; title_font_size_phone=&#8221;23px&#8221; title_font_size_last_edited=&#8221;on|phone&#8221;][\/et_pb_fullwidth_header][\/et_pb_section][et_pb_section fb_built=&#8221;1&#8243; _builder_version=&#8221;4.8.1&#8243; _module_preset=&#8221;default&#8221; background_enable_image=&#8221;off&#8221; background_blend=&#8221;difference&#8221; custom_padding=&#8221;2px||9px|||&#8221; top_divider_style=&#8221;slant&#8221; top_divider_color=&#8221;#FFFFFF&#8221; top_divider_height=&#8221;99px&#8221;][et_pb_row column_structure=&#8221;3_5,2_5&#8243; _builder_version=&#8221;4.8.1&#8243; _module_preset=&#8221;default&#8221; custom_padding=&#8221;0px||0px|||&#8221;][et_pb_column type=&#8221;3_5&#8243; _builder_version=&#8221;4.8.1&#8243; _module_preset=&#8221;default&#8221;][et_pb_text _builder_version=&#8221;4.8.1&#8243; _module_preset=&#8221;default&#8221; text_font=&#8221;|600|||||||&#8221; text_font_size=&#8221;22px&#8221;]<\/p>\n<p>Usuniemy ka\u017cd\u0105 usterk\u0119 z Twojego komputera<\/p>\n<p>[\/et_pb_text][et_pb_text _builder_version=&#8221;4.8.1&#8243; _module_preset=&#8221;default&#8221;]<\/p>\n<p>W dzisiejszych czasach nie wyobra\u017camy sobie funkcjonowania bez komputera, laptopa czy chocia\u017cby telefonu kom\u00f3rkowego.<br \/> Pomimo du\u017cej niezawodno\u015bci sprz\u0119tu zda\u017caj\u0105 si\u0119 jego awarie i to w najmniej oczekiwanym momencie. Czasem zwodzi sprz\u0119t ale r\u00f3wnie cz\u0119sto s\u0105 to awarie spowodowane niew\u0142a\u015bciwym dzia\u0142aniem oprogramowania lub skutki zainfekowania przez wirusa.<br \/> Dzi\u0119ki wieloletniemu do\u015bwiadczeniu, ci\u0105g\u0142ej nauce oraz pasji do komputer\u00f3w jeste\u015bmy w stanie poradzi\u0107 sobie z najtrudniejszymi usterkami.<\/p>\n<p><strong>Zakres us\u0142ug:<\/strong><\/p>\n<ul>\n<li>testowanie sprz\u0119tu,<\/li>\n<li>szczeg\u00f3\u0142owa diagnostyka w celu wykrycia nieprawid\u0142owo\u015bci w dzia\u0142aniu<\/li>\n<li>wymiana sprz\u0119tu &#8211; obejmuje fizyczne usuni\u0119cie sprz\u0119tu z komputera oraz w razie potrzeby odinstalowanie niepotrzebnych program\u00f3w\/sterownik\u00f3w i zainstalowanie nowego sprz\u0119tu (wraz z oprogramowaniem \/ sterownikami),<\/li>\n<li>Czyszczenie lub wymiana systemu ch\u0142odz\u0105cego (radiator z wentylatorem) procesora, chipsetu, karty graficznej,<\/li>\n<li>wymiana procesora, pami\u0119ci, zasilacza, p\u0142yty g\u0142\u00f3wnej, dysku twardego, obudowy nap\u0119du DVD, DVD-RW, karty graficznej, sieciowej, modemu, tunera itp.<\/li>\n<\/ul>\n<p>&nbsp;<\/p>\n<p>[\/et_pb_text][\/et_pb_column][et_pb_column type=&#8221;2_5&#8243; _builder_version=&#8221;4.8.1&#8243; _module_preset=&#8221;default&#8221;][et_pb_image src=&#8221;https:\/\/it-complex.pl\/wp-content\/uploads\/2021\/01\/Serwis-usterka2-1.jpg&#8221; title_text=&#8221;Serwis-usterka2-1&#8243; _builder_version=&#8221;4.8.1&#8243; _module_preset=&#8221;default&#8221;][\/et_pb_image][\/et_pb_column][\/et_pb_row][et_pb_row column_structure=&#8221;2_5,3_5&#8243; _builder_version=&#8221;4.8.1&#8243; _module_preset=&#8221;default&#8221; custom_margin=&#8221;-2px|auto||auto||&#8221;][et_pb_column type=&#8221;2_5&#8243; _builder_version=&#8221;4.8.1&#8243; _module_preset=&#8221;default&#8221;][et_pb_image src=&#8221;https:\/\/it-complex.pl\/wp-content\/uploads\/2021\/01\/Uslugi-serwis.png&#8221; title_text=&#8221;Uslugi-serwis&#8221; _builder_version=&#8221;4.8.1&#8243; _module_preset=&#8221;default&#8221;][\/et_pb_image][\/et_pb_column][et_pb_column type=&#8221;3_5&#8243; _builder_version=&#8221;4.8.1&#8243; _module_preset=&#8221;default&#8221;][et_pb_text _builder_version=&#8221;4.8.1&#8243; _module_preset=&#8221;default&#8221; text_font=&#8221;|600|||||||&#8221; text_font_size=&#8221;22px&#8221;]<\/p>\n<p>Sk\u0142adanie i sprzeda\u017c komputer\u00f3w<\/p>\n<p>[\/et_pb_text][et_pb_text _builder_version=&#8221;4.8.1&#8243; _module_preset=&#8221;default&#8221;]<\/p>\n<p>Decyduj\u0105c si\u0119 na zakup nowego komputera stajemy przed dylematem wyboru pomi\u0119dzy gotowym zestawem z\u0142o\u017conym przez producenta oraz zakupem poszczeg\u00f3lnych podzespo\u0142\u00f3w i z\u0142o\u017cenie ich w wymarzony komputer. Ze wzgl\u0119d\u00f3w ekonomicznych oraz funkcjonalnych du\u017co lepszym rozwi\u0105zaniem jest z\u0142o\u017cenie zestawu dostosowanego do swoich potrzeb.<br \/> Z\u0142o\u017cenie takiego zestawu wymaga wiedzy i do\u015bwiadczenia, dlatego lepiej jest zleci\u0107 takie zadanie specjalistom.<\/p>\n<p><strong>Zakres us\u0142ug:<\/strong><\/p>\n<ul>\n<li><span>Sk\u0142adanie nowego komputera z cz\u0119\u015bci dostarczonych przez klienta, lub na zam\u00f3wienie.<\/span><\/li>\n<li><span>Modernizacja istniej\u0105cego zestawu.<\/span><\/li>\n<li><span>Doradztwo w zakresie doboru komponent\u00f3w w zak\u0142adanym bud\u017cecie lub do okre\u015blonych zastosowa\u0144.<\/span><\/li>\n<\/ul>\n<p>[\/et_pb_text][\/et_pb_column][\/et_pb_row][et_pb_row column_structure=&#8221;3_5,2_5&#8243; _builder_version=&#8221;4.8.1&#8243; _module_preset=&#8221;default&#8221; background_enable_image=&#8221;off&#8221; custom_margin=&#8221;12px|auto||auto||&#8221;][et_pb_column type=&#8221;3_5&#8243; _builder_version=&#8221;4.8.1&#8243; _module_preset=&#8221;default&#8221;][et_pb_text _builder_version=&#8221;4.8.1&#8243; _module_preset=&#8221;default&#8221; text_font=&#8221;|600|||||||&#8221; text_font_size=&#8221;22px&#8221;]<\/p>\n<p><span>Podaruj swojemu komputerowi drugie \u017cycie.<br \/>My Ci w tym pomo\u017cemy.<\/span><\/p>\n<p>[\/et_pb_text][et_pb_text _builder_version=&#8221;4.8.1&#8243; _module_preset=&#8221;default&#8221;]<\/p>\n<p>Tw\u00f3j komputer bardzo wolno dzia\u0142a?<br \/>Uruchomienie systemu trwa w niesko\u0144czono\u015b\u0107?<\/p>\n<p>Problem ten na szcz\u0119\u015bcie w wi\u0119kszo\u015bci wypadk\u00f3w da si\u0119 rozwi\u0105za\u0107 bez wymiany komputera na nowy, tak aby nam jeszcze pos\u0142u\u017cy\u0142 nawet kilka lat.<\/p>\n<p><strong>Przyczyny wolnego dzia\u0142ania komputera:<\/strong><\/p>\n<ul>\n<li>System operacyjny &#8211; du\u017ca liczba uruchomionych program\u00f3w lub us\u0142ug w tle,\u00a0 ma\u0142a ilo\u015b\u0107 wolnego miejsca na dysku, dzia\u0142anie wirusa, uszkodzenie systemu operacyjnego,<\/li>\n<li>Konfiguracja sprz\u0119tu &#8211; z\u0142e zarz\u0105dzanie energi\u0105 w komputerze, wy\u0142\u0105czone elementy komputera (np. rdzenie procesora), brak zainstalowanych sterownik\u00f3w urz\u0105dze\u0144,\u00a0<\/li>\n<li>Sprz\u0119t &#8211; Wolny dysk HDD (wymiana na SSD kt\u00f3ry jest du\u017co\u00a0 szybszy), zbyt ma\u0142a ilo\u015b\u0107 pami\u0119ci RAM, brudne lub ma\u0142o wydajne ch\u0142odzenie, ma\u0142a wydajno\u015b\u0107 zasilacza komputerowego,\u00a0<\/li>\n<\/ul>\n<p>[\/et_pb_text][\/et_pb_column][et_pb_column type=&#8221;2_5&#8243; _builder_version=&#8221;4.8.1&#8243; _module_preset=&#8221;default&#8221;][et_pb_image src=&#8221;https:\/\/it-complex.pl\/wp-content\/uploads\/2021\/01\/Serwis-wymiana-dysku-imac.jpg&#8221; title_text=&#8221;Serwis-wymiana-dysku-imac&#8221; _builder_version=&#8221;4.8.1&#8243; _module_preset=&#8221;default&#8221;][\/et_pb_image][\/et_pb_column][\/et_pb_row][et_pb_row _builder_version=&#8221;4.9.0&#8243; _module_preset=&#8221;default&#8221; hover_enabled=&#8221;0&#8243; module_id=&#8221;serwis-cennik&#8221; sticky_enabled=&#8221;0&#8243;][et_pb_column type=&#8221;4_4&#8243; _builder_version=&#8221;4.8.1&#8243; _module_preset=&#8221;default&#8221;][et_pb_toggle title=&#8221;Cennik serwisu&#8221; _builder_version=&#8221;4.8.1&#8243; _module_preset=&#8221;default&#8221;]<\/p>\n<p style=\"text-align: center;\"><div id=\"supsystic-table-5_37846\" class=\"supsystic-tables-wrap disable-responsive\" style=\" width:100%; visibility: hidden; \" data-table-width-fixed=\"100%\" data-table-width-mobile=\"50%\" ><table id=\"supsystic-table-5\" class=\"supsystic-table compact border stripe hover lightboxImg cell-border\" data-id=\"5\" data-view-id=\"5_37846\" data-title=\"Serwis\" data-currency-format=\"$1,000.00\" data-percent-format=\"10.00%\" data-date-format=\"DD.MM.YYYY\" data-time-format=\"HH:mm\" data-features=\"[&quot;after_table_loaded_script&quot;]\" data-search-value=\"\" data-lightbox-img=\"\" data-head=\"on\" data-head-rows-count=\"1\" data-pagination-length=\"50,100,All\" data-auto-index=\"off\" data-searching-settings=\"{&quot;columnSearchPosition&quot;:&quot;bottom&quot;,&quot;minChars&quot;:&quot;0&quot;}\" data-lang=\"default\" data-override=\"{&quot;emptyTable&quot;:&quot;&quot;,&quot;info&quot;:&quot;&quot;,&quot;infoEmpty&quot;:&quot;&quot;,&quot;infoFiltered&quot;:&quot;&quot;,&quot;lengthMenu&quot;:&quot;&quot;,&quot;search&quot;:&quot;&quot;,&quot;zeroRecords&quot;:&quot;&quot;,&quot;exportLabel&quot;:&quot;&quot;,&quot;file&quot;:&quot;default&quot;}\" data-merged=\"[]\" data-responsive-mode=\"3\" data-from-history=\"0\" ><thead><tr><th data-cell-id=\"A1\" data-x=\"0\" data-y=\"1\" data-db-index=\"1\" class=\"\" data-cell-type=\"text\" data-original-value=\"Rodzaj us\u0142ugi\" data-order=\"Rodzaj us\u0142ugi\" style=\"min-width:88.6567%; \" >Rodzaj us\u0142ugi <\/th><th data-cell-id=\"B1\" data-x=\"1\" data-y=\"1\" data-db-index=\"1\" class=\"\" data-cell-type=\"text\" data-original-value=\"Cena\" data-order=\"Cena\" style=\"min-width:11.3433%; \" >Cena <\/th><\/tr><\/thead><tbody><tr style=\"height:px\" ><td data-cell-id=\"A2\" data-x=\"0\" data-y=\"2\" data-db-index=\"2\" class=\"\" data-cell-type=\"text\" data-original-value=\"Instalacja systemu operacyjnego Windows lub Linux (wraz ze sterownikami)\" data-order=\"Instalacja systemu operacyjnego Windows lub Linux (wraz ze sterownikami)\" >Instalacja systemu operacyjnego Windows lub Linux (wraz ze sterownikami) <\/td><td data-cell-id=\"B2\" data-x=\"1\" data-y=\"2\" data-db-index=\"2\" class=\"\" data-cell-type=\"text\" data-original-value=\"100z\u0142\" data-order=\"100z\u0142\" >100z\u0142 <\/td><\/tr><tr style=\"height:px\" ><td data-cell-id=\"A3\" data-x=\"0\" data-y=\"3\" data-db-index=\"3\" class=\"\" data-cell-type=\"text\" data-original-value=\"Archiwizacja danych przed reinstalacj\u0105 systemu operacyjnego\" data-order=\"Archiwizacja danych przed reinstalacj\u0105 systemu operacyjnego\" >Archiwizacja danych przed reinstalacj\u0105 systemu operacyjnego <\/td><td data-cell-id=\"B3\" data-x=\"1\" data-y=\"3\" data-db-index=\"3\" class=\"\" data-cell-type=\"text\" data-original-value=\"od 30z\u0142\" data-order=\"od 30z\u0142\" >od 30z\u0142 <\/td><\/tr><tr style=\"height:px\" ><td data-cell-id=\"A4\" data-x=\"0\" data-y=\"4\" data-db-index=\"4\" class=\"\" data-cell-type=\"text\" data-original-value=\"Instalacja sterownik\u00f3w i konfiguracja urz\u0105dzenia\" data-order=\"Instalacja sterownik\u00f3w i konfiguracja urz\u0105dzenia\" >Instalacja sterownik\u00f3w i konfiguracja urz\u0105dzenia <\/td><td data-cell-id=\"B4\" data-x=\"1\" data-y=\"4\" data-db-index=\"4\" class=\"\" data-cell-type=\"text\" data-original-value=\"50z\u0142\" data-order=\"50z\u0142\" >50z\u0142 <\/td><\/tr><tr style=\"height:px\" ><td data-cell-id=\"A5\" data-x=\"0\" data-y=\"5\" data-db-index=\"5\" class=\"\" data-cell-type=\"text\" data-original-value=\"Konfiguracja po\u0142\u0105cze\u0144 sieciowych (konfiguracja routera itp.)\" data-order=\"Konfiguracja po\u0142\u0105cze\u0144 sieciowych (konfiguracja routera itp.)\" >Konfiguracja po\u0142\u0105cze\u0144 sieciowych (konfiguracja routera itp.) <\/td><td data-cell-id=\"B5\" data-x=\"1\" data-y=\"5\" data-db-index=\"5\" class=\"\" data-cell-type=\"text\" data-original-value=\"od 40z\u0142\" data-order=\"od 40z\u0142\" >od 40z\u0142 <\/td><\/tr><tr style=\"height:px\" ><td data-cell-id=\"A6\" data-x=\"0\" data-y=\"6\" data-db-index=\"6\" class=\"\" data-cell-type=\"text\" data-original-value=\"Usuwanie wirus\u00f3w i z\u0142o\u015bliwego oprogramowania\" data-order=\"Usuwanie wirus\u00f3w i z\u0142o\u015bliwego oprogramowania\" >Usuwanie wirus\u00f3w i z\u0142o\u015bliwego oprogramowania <\/td><td data-cell-id=\"B6\" data-x=\"1\" data-y=\"6\" data-db-index=\"6\" class=\"\" data-cell-type=\"text\" data-original-value=\"od 60z\u0142\" data-order=\"od 60z\u0142\" >od 60z\u0142 <\/td><\/tr><tr style=\"height:px\" ><td data-cell-id=\"A7\" data-x=\"0\" data-y=\"7\" data-db-index=\"7\" class=\"\" data-cell-type=\"text\" data-original-value=\"Wymiana dysku twardego\" data-order=\"Wymiana dysku twardego\" >Wymiana dysku twardego <\/td><td data-cell-id=\"B7\" data-x=\"1\" data-y=\"7\" data-db-index=\"7\" class=\"\" data-cell-type=\"text\" data-original-value=\"od 40z\u0142\" data-order=\"od 40z\u0142\" >od 40z\u0142 <\/td><\/tr><tr style=\"height:px\" ><td data-cell-id=\"A8\" data-x=\"0\" data-y=\"8\" data-db-index=\"8\" class=\"\" data-cell-type=\"text\" data-original-value=\"Czyszczenie i konserwacja komputera stacjonarnego\" data-order=\"Czyszczenie i konserwacja komputera stacjonarnego\" >Czyszczenie i konserwacja komputera stacjonarnego <\/td><td data-cell-id=\"B8\" data-x=\"1\" data-y=\"8\" data-db-index=\"8\" class=\"\" data-cell-type=\"text\" data-original-value=\"od 40z\u0142\" data-order=\"od 40z\u0142\" >od 40z\u0142 <\/td><\/tr><tr style=\"height:px\" ><td data-cell-id=\"A9\" data-x=\"0\" data-y=\"9\" data-db-index=\"9\" class=\"\" data-cell-type=\"text\" data-original-value=\"Czyszczenie i konserwacja laptopa\" data-order=\"Czyszczenie i konserwacja laptopa\" >Czyszczenie i konserwacja laptopa <\/td><td data-cell-id=\"B9\" data-x=\"1\" data-y=\"9\" data-db-index=\"9\" class=\"\" data-cell-type=\"text\" data-original-value=\"od 80z\u0142\" data-order=\"od 80z\u0142\" >od 80z\u0142 <\/td><\/tr><tr style=\"height:px\" ><td data-cell-id=\"A10\" data-x=\"0\" data-y=\"10\" data-db-index=\"10\" class=\"\" data-cell-type=\"text\" data-original-value=\"Inne us\u0142ugi serwisowe\" data-order=\"Inne us\u0142ugi serwisowe\" >Inne us\u0142ugi serwisowe <\/td><td data-cell-id=\"B10\" data-x=\"1\" data-y=\"10\" data-db-index=\"10\" class=\"\" data-cell-type=\"text\" data-original-value=\"50z\u0142\/godz.\" data-order=\"50z\u0142\/godz.\" >50z\u0142\/godz. <\/td><\/tr><tr style=\"height:px\" ><td data-cell-id=\"A11\" data-x=\"0\" data-y=\"11\" data-db-index=\"11\" class=\"\" data-cell-type=\"text\" data-original-value=\"Odbi\u00f3r urz\u0105dzenia od Abonenta lub dostarczenie urz\u0105dzenia do Abonenta\" data-order=\"Odbi\u00f3r urz\u0105dzenia od Abonenta lub dostarczenie urz\u0105dzenia do Abonenta\" >Odbi\u00f3r urz\u0105dzenia od Abonenta lub dostarczenie urz\u0105dzenia do Abonenta <\/td><td data-cell-id=\"B11\" data-x=\"1\" data-y=\"11\" data-db-index=\"11\" class=\"\" data-cell-type=\"text\" data-original-value=\"25z\u0142\" data-order=\"25z\u0142\" >25z\u0142 <\/td><\/tr><tr style=\"height:px\" ><td data-cell-id=\"A12\" data-x=\"0\" data-y=\"12\" data-db-index=\"12\" class=\"\" data-cell-type=\"text\" data-original-value=\"Wykonywanie us\u0142ugi u Abonenta (op\u0142ata za przyjazd)\" data-order=\"Wykonywanie us\u0142ugi u Abonenta (op\u0142ata za przyjazd)\" >Wykonywanie us\u0142ugi u Abonenta (op\u0142ata za przyjazd) <\/td><td data-cell-id=\"B12\" data-x=\"1\" data-y=\"12\" data-db-index=\"12\" class=\"\" data-cell-type=\"text\" data-original-value=\"25z\u0142\" data-order=\"25z\u0142\" >25z\u0142 <\/td><\/tr><\/tbody><\/table><!-- \/#supsystic-table-5.supsystic-table --><\/div><!-- \/.supsystic-tables-wrap --><!-- Tables Generator by Supsystic --><!-- Version:1.10.46 --><!-- http:\/\/supsystic.com\/ --><a title=\"WordPress Tables\" style=\"display:none;\" href=\"https:\/\/supsystic.com\/plugins\/wordpress-data-table-plugin\/?utm_medium=love_link\" target=\"_blank\">WordPress Tables<\/a><\/p>\n<p>[\/et_pb_toggle][\/et_pb_column][\/et_pb_row][\/et_pb_section]<\/p>\n","protected":false},"excerpt":{"rendered":"<p>Usuniemy ka\u017cd\u0105 usterk\u0119 z Twojego komputeraW dzisiejszych czasach nie wyobra\u017camy sobie funkcjonowania bez komputera, laptopa czy chocia\u017cby telefonu kom\u00f3rkowego. Pomimo du\u017cej niezawodno\u015bci sprz\u0119tu zda\u017caj\u0105 si\u0119 jego awarie i to w najmniej oczekiwanym momencie. Czasem zwodzi sprz\u0119t ale r\u00f3wnie cz\u0119sto s\u0105 to awarie spowodowane niew\u0142a\u015bciwym dzia\u0142aniem oprogramowania lub skutki zainfekowania przez wirusa. Dzi\u0119ki wieloletniemu do\u015bwiadczeniu, ci\u0105g\u0142ej [&hellip;]<\/p>\n","protected":false},"author":1,"featured_media":0,"parent":0,"menu_order":0,"comment_status":"closed","ping_status":"closed","template":"","meta":{"_et_pb_use_builder":"on","_et_pb_old_content":"<!-- wp:divi\/placeholder \/-->","_et_gb_content_width":"","ngg_post_thumbnail":0,"footnotes":""},"class_list":["post-242","page","type-page","status-publish","hentry"],"yoast_head":"<!-- This site is optimized with the Yoast SEO plugin v26.6 - https:\/\/yoast.com\/wordpress\/plugins\/seo\/ -->\n<title>Serwis - it-complex.pl<\/title>\n<meta name=\"robots\" content=\"index, follow, max-snippet:-1, max-image-preview:large, max-video-preview:-1\" \/>\n<link rel=\"canonical\" href=\"https:\/\/it-complex.pl\/?page_id=242\" \/>\n<meta property=\"og:locale\" content=\"pl_PL\" \/>\n<meta property=\"og:type\" content=\"article\" \/>\n<meta property=\"og:title\" content=\"Serwis - it-complex.pl\" \/>\n<meta property=\"og:description\" content=\"Usuniemy ka\u017cd\u0105 usterk\u0119 z Twojego komputeraW dzisiejszych czasach nie wyobra\u017camy sobie funkcjonowania bez komputera, laptopa czy chocia\u017cby telefonu kom\u00f3rkowego. Pomimo du\u017cej niezawodno\u015bci sprz\u0119tu zda\u017caj\u0105 si\u0119 jego awarie i to w najmniej oczekiwanym momencie. Czasem zwodzi sprz\u0119t ale r\u00f3wnie cz\u0119sto s\u0105 to awarie spowodowane niew\u0142a\u015bciwym dzia\u0142aniem oprogramowania lub skutki zainfekowania przez wirusa. Dzi\u0119ki wieloletniemu do\u015bwiadczeniu, ci\u0105g\u0142ej [&hellip;]\" \/>\n<meta property=\"og:url\" content=\"https:\/\/it-complex.pl\/?page_id=242\" \/>\n<meta property=\"og:site_name\" content=\"it-complex.pl\" \/>\n<meta property=\"article:publisher\" content=\"https:\/\/www.facebook.com\/ITComplex.Kielce\" \/>\n<meta property=\"article:modified_time\" content=\"2021-03-04T19:29:11+00:00\" \/>\n<meta name=\"twitter:card\" content=\"summary_large_image\" \/>\n<meta name=\"twitter:label1\" content=\"Szacowany czas czytania\" \/>\n\t<meta name=\"twitter:data1\" content=\"5 minut\" \/>\n<script type=\"application\/ld+json\" class=\"yoast-schema-graph\">{\"@context\":\"https:\/\/schema.org\",\"@graph\":[{\"@type\":\"WebPage\",\"@id\":\"https:\/\/it-complex.pl\/?page_id=242\",\"url\":\"https:\/\/it-complex.pl\/?page_id=242\",\"name\":\"Serwis - it-complex.pl\",\"isPartOf\":{\"@id\":\"https:\/\/it-complex.pl\/#website\"},\"datePublished\":\"2021-01-18T11:37:35+00:00\",\"dateModified\":\"2021-03-04T19:29:11+00:00\",\"breadcrumb\":{\"@id\":\"https:\/\/it-complex.pl\/?page_id=242#breadcrumb\"},\"inLanguage\":\"pl-PL\",\"potentialAction\":[{\"@type\":\"ReadAction\",\"target\":[\"https:\/\/it-complex.pl\/?page_id=242\"]}]},{\"@type\":\"BreadcrumbList\",\"@id\":\"https:\/\/it-complex.pl\/?page_id=242#breadcrumb\",\"itemListElement\":[{\"@type\":\"ListItem\",\"position\":1,\"name\":\"Strona g\u0142\u00f3wna\",\"item\":\"https:\/\/it-complex.pl\/\"},{\"@type\":\"ListItem\",\"position\":2,\"name\":\"Serwis\"}]},{\"@type\":\"WebSite\",\"@id\":\"https:\/\/it-complex.pl\/#website\",\"url\":\"https:\/\/it-complex.pl\/\",\"name\":\"IT-Complex.pl\",\"description\":\"Aby komputer s\u0142u\u017cy\u0142 cz\u0142owiekowi\",\"publisher\":{\"@id\":\"https:\/\/it-complex.pl\/#organization\"},\"potentialAction\":[{\"@type\":\"SearchAction\",\"target\":{\"@type\":\"EntryPoint\",\"urlTemplate\":\"https:\/\/it-complex.pl\/?s={search_term_string}\"},\"query-input\":{\"@type\":\"PropertyValueSpecification\",\"valueRequired\":true,\"valueName\":\"search_term_string\"}}],\"inLanguage\":\"pl-PL\"},{\"@type\":\"Organization\",\"@id\":\"https:\/\/it-complex.pl\/#organization\",\"name\":\"IT-Complex.pl sp. z o.o.\",\"url\":\"https:\/\/it-complex.pl\/\",\"logo\":{\"@type\":\"ImageObject\",\"inLanguage\":\"pl-PL\",\"@id\":\"https:\/\/it-complex.pl\/#\/schema\/logo\/image\/\",\"url\":\"https:\/\/it-complex.pl\/wp-content\/uploads\/2020\/05\/it-complex-logo_kolor_niebieski-v2-1-kopia.png\",\"contentUrl\":\"https:\/\/it-complex.pl\/wp-content\/uploads\/2020\/05\/it-complex-logo_kolor_niebieski-v2-1-kopia.png\",\"width\":3061,\"height\":978,\"caption\":\"IT-Complex.pl sp. z o.o.\"},\"image\":{\"@id\":\"https:\/\/it-complex.pl\/#\/schema\/logo\/image\/\"},\"sameAs\":[\"https:\/\/www.facebook.com\/ITComplex.Kielce\"]}]}<\/script>\n<!-- \/ Yoast SEO plugin. -->","yoast_head_json":{"title":"Serwis - it-complex.pl","robots":{"index":"index","follow":"follow","max-snippet":"max-snippet:-1","max-image-preview":"max-image-preview:large","max-video-preview":"max-video-preview:-1"},"canonical":"https:\/\/it-complex.pl\/?page_id=242","og_locale":"pl_PL","og_type":"article","og_title":"Serwis - it-complex.pl","og_description":"Usuniemy ka\u017cd\u0105 usterk\u0119 z Twojego komputeraW dzisiejszych czasach nie wyobra\u017camy sobie funkcjonowania bez komputera, laptopa czy chocia\u017cby telefonu kom\u00f3rkowego. Pomimo du\u017cej niezawodno\u015bci sprz\u0119tu zda\u017caj\u0105 si\u0119 jego awarie i to w najmniej oczekiwanym momencie. Czasem zwodzi sprz\u0119t ale r\u00f3wnie cz\u0119sto s\u0105 to awarie spowodowane niew\u0142a\u015bciwym dzia\u0142aniem oprogramowania lub skutki zainfekowania przez wirusa. Dzi\u0119ki wieloletniemu do\u015bwiadczeniu, ci\u0105g\u0142ej [&hellip;]","og_url":"https:\/\/it-complex.pl\/?page_id=242","og_site_name":"it-complex.pl","article_publisher":"https:\/\/www.facebook.com\/ITComplex.Kielce","article_modified_time":"2021-03-04T19:29:11+00:00","twitter_card":"summary_large_image","twitter_misc":{"Szacowany czas czytania":"5 minut"},"schema":{"@context":"https:\/\/schema.org","@graph":[{"@type":"WebPage","@id":"https:\/\/it-complex.pl\/?page_id=242","url":"https:\/\/it-complex.pl\/?page_id=242","name":"Serwis - it-complex.pl","isPartOf":{"@id":"https:\/\/it-complex.pl\/#website"},"datePublished":"2021-01-18T11:37:35+00:00","dateModified":"2021-03-04T19:29:11+00:00","breadcrumb":{"@id":"https:\/\/it-complex.pl\/?page_id=242#breadcrumb"},"inLanguage":"pl-PL","potentialAction":[{"@type":"ReadAction","target":["https:\/\/it-complex.pl\/?page_id=242"]}]},{"@type":"BreadcrumbList","@id":"https:\/\/it-complex.pl\/?page_id=242#breadcrumb","itemListElement":[{"@type":"ListItem","position":1,"name":"Strona g\u0142\u00f3wna","item":"https:\/\/it-complex.pl\/"},{"@type":"ListItem","position":2,"name":"Serwis"}]},{"@type":"WebSite","@id":"https:\/\/it-complex.pl\/#website","url":"https:\/\/it-complex.pl\/","name":"IT-Complex.pl","description":"Aby komputer s\u0142u\u017cy\u0142 cz\u0142owiekowi","publisher":{"@id":"https:\/\/it-complex.pl\/#organization"},"potentialAction":[{"@type":"SearchAction","target":{"@type":"EntryPoint","urlTemplate":"https:\/\/it-complex.pl\/?s={search_term_string}"},"query-input":{"@type":"PropertyValueSpecification","valueRequired":true,"valueName":"search_term_string"}}],"inLanguage":"pl-PL"},{"@type":"Organization","@id":"https:\/\/it-complex.pl\/#organization","name":"IT-Complex.pl sp. z o.o.","url":"https:\/\/it-complex.pl\/","logo":{"@type":"ImageObject","inLanguage":"pl-PL","@id":"https:\/\/it-complex.pl\/#\/schema\/logo\/image\/","url":"https:\/\/it-complex.pl\/wp-content\/uploads\/2020\/05\/it-complex-logo_kolor_niebieski-v2-1-kopia.png","contentUrl":"https:\/\/it-complex.pl\/wp-content\/uploads\/2020\/05\/it-complex-logo_kolor_niebieski-v2-1-kopia.png","width":3061,"height":978,"caption":"IT-Complex.pl sp. z o.o."},"image":{"@id":"https:\/\/it-complex.pl\/#\/schema\/logo\/image\/"},"sameAs":["https:\/\/www.facebook.com\/ITComplex.Kielce"]}]}},"_links":{"self":[{"href":"https:\/\/it-complex.pl\/index.php?rest_route=\/wp\/v2\/pages\/242","targetHints":{"allow":["GET"]}}],"collection":[{"href":"https:\/\/it-complex.pl\/index.php?rest_route=\/wp\/v2\/pages"}],"about":[{"href":"https:\/\/it-complex.pl\/index.php?rest_route=\/wp\/v2\/types\/page"}],"author":[{"embeddable":true,"href":"https:\/\/it-complex.pl\/index.php?rest_route=\/wp\/v2\/users\/1"}],"replies":[{"embeddable":true,"href":"https:\/\/it-complex.pl\/index.php?rest_route=%2Fwp%2Fv2%2Fcomments&post=242"}],"version-history":[{"count":20,"href":"https:\/\/it-complex.pl\/index.php?rest_route=\/wp\/v2\/pages\/242\/revisions"}],"predecessor-version":[{"id":1158,"href":"https:\/\/it-complex.pl\/index.php?rest_route=\/wp\/v2\/pages\/242\/revisions\/1158"}],"wp:attachment":[{"href":"https:\/\/it-complex.pl\/index.php?rest_route=%2Fwp%2Fv2%2Fmedia&parent=242"}],"curies":[{"name":"wp","href":"https:\/\/api.w.org\/{rel}","templated":true}]}}